{"id":2348,"date":"2017-05-08T12:15:36","date_gmt":"2017-05-08T10:15:36","guid":{"rendered":"http:\/\/ristorantealpino.ch\/zimmer\/"},"modified":"2022-06-15T23:15:11","modified_gmt":"2022-06-15T21:15:11","slug":"zimmer","status":"publish","type":"page","link":"https:\/\/ristorantealpino.ch\/de\/zimmer\/","title":{"rendered":"Zimmer"},"content":{"rendered":"<section class=\"wpb-content-wrapper\">[vc_row][vc_column]\n        <h1 class=\"lined-heading mt50\">\n            <span>\n            Zimmer\n            <\/span>\n        <\/h1>\n        [vc_column_text]\n<div>Wir sind ein kleines\u00a0familiengef\u00fchrtes Hotel mit 9 Zimmern, von denen 3 in privates Bad haben und 6 Zimmer gemeinsame B\u00e4der teilen.<\/div>\n<div>Uns liegt viel daran, unsere Struktur sauber zu halten, damit es unsere G\u00e4ste gem\u00fctlich haben und sie sich wohl f\u00fchlen. Alle G\u00e4stezimmer sind einfach eingerichtet und spiegeln del rustikalen Stil unserer Gegend wider. Wir sind in der Hochsaison oft \u00fcberbucht, rufen Sie uns daher bitte an. Die Preise auf unserer Webseite sind &#8220;ab&#8221; angegeben &#8211; \u00a0nehmen Sie mit uns per E-Mail, Fax oder Telefon Kontakt auf, um Ihre Buchung und den Endpreis zu best\u00e4tigen.\u00a0Wir akzeptieren folgende Zahlungsmethoden: Bargeld, American Express, \u00a0Mastercard, Visa und Schweizer Postkarte. Bei Zahlungen mit Kreditkarte bitten wir Sie, am Abend vor dem Check-out zu zahlen.<br \/>\nAnreise: 12:00 &#8211; 23:00 Uhr<br \/>\nAbreise: 07:30 &#8211; 10:30<br \/>\nUhr Alle Preise verstehen sich inkl. gesetzlicher Mehrwertsteuer 3,8% und Fr\u00fchst\u00fcck. Bitte beachten Sie dass eine verbindliche Aufenthaltssteuer von CHF 3,25 pro Person pro Nacht f\u00e4llig ist. Die Aufenthaltssteuer schlie\u00dft das Ticino Ticket mit ein &#8211; es bietet Vorteile und Erm\u00e4\u00dfigungen im Kanton Tessin, einschlie\u00dflich die freie Nutzung von Bahn und Bus. Weitere Informationen k\u00f6nnen Sie <a href=\"http:\/\/www.ticino.ch\/de\/ticket.html\">hier<\/a> entnehmen.<br \/>\nBei einem Aufenthalt von mehr als 3 N\u00e4chten erhalten Sie einen Rabatt. Bitte lesen Sie die Buchungsinfo Registerkarte auf jeder Zimmerbeschreibung.<\/div>\n[\/vc_column_text][\/vc_column][\/vc_row][vc_row][vc_column]\n    <!-- Rooms -->\n    <div class=\"rooms mt110\">\n        <div class=\"row room-list\">\n            \n                    <!-- Room -->\n                    <br \/>\n<b>Warning<\/b>:  Attempt to read property \"ID\" on null in <b>\/home\/clients\/9f44d4246f3532ee9d0214d01de6a007\/web\/ristorantealpino\/wp-content\/plugins\/starhotel-must-install\/starhotel-must-install.php<\/b> on line <b>829<\/b><br \/>\n                    <div class=\"col-sm-4 <br \/>\n<b>Warning<\/b>:  Undefined variable $maxrooms in <b>\/home\/clients\/9f44d4246f3532ee9d0214d01de6a007\/web\/ristorantealpino\/wp-content\/plugins\/starhotel-must-install\/starhotel-must-install.php<\/b> on line <b>841<\/b><br \/>\n<br \/>\n<b>Warning<\/b>:  Undefined variable $maxrooms in <b>\/home\/clients\/9f44d4246f3532ee9d0214d01de6a007\/web\/ristorantealpino\/wp-content\/plugins\/starhotel-must-install\/starhotel-must-install.php<\/b> on line <b>841<\/b><br \/>\n\">\n                                                <div class=\"room-thumb\">\n                            <img loading=\"lazy\" decoding=\"async\" width=\"356\" height=\"228\" src=\"https:\/\/ristorantealpino.ch\/wp-content\/uploads\/2017\/05\/ftr-double-sharedwc.jpg\" class=\"img-responsive wp-post-image\" alt=\"\" srcset=\"https:\/\/ristorantealpino.ch\/wp-content\/uploads\/2017\/05\/ftr-double-sharedwc.jpg 356w, https:\/\/ristorantealpino.ch\/wp-content\/uploads\/2017\/05\/ftr-double-sharedwc-300x192.jpg 300w\" sizes=\"(max-width: 356px) 100vw, 356px\" \/>                            <div class=\"mask\">\n                                <div class=\"main\">\n                                    <h5>Doppelzimmer &#8211; gemeinsames Bad<\/h5>\n                                    <div class='price'> 48.-*<span>a night<\/span><\/div>                                <\/div>\n                                <div class=\"content\">\n                                                                        <p><span>Zimmer rustikale<\/span>Unsere 6 Zimmer in verschiedenen Gr\u00f6\u00dfen und gemeinsamem Bad weisen ein atemberaubendes Alpenpanorama auf.* Preise werden in Schweizer Franken angegeben, &quot;ab&quot; ... nehmen Sie mit uns Kontakt auf um Informationen bez\u00fcglich unserer Endpreise zu bekommen.<\/p>\n\n                                    <div class=\"row\">\n                                        <div class=\"col-xs-6\">\n                                            <ul class=\"list-unstyled\">\n                                                <li><i class='fa fa-check-circle'><\/i> Fr\u00fcst\u00fcck<\/li><li><i class='fa fa-check-circle'><\/i> Bergansicht<\/li>                                            <\/ul>\n                                        <\/div>\n                                        <div class=\"col-xs-6\">\n                                            <ul class=\"list-unstyled\">\n                                                <li><i class='fa fa-check-circle'><\/i> Kostenfreies Wifi<\/li><li><i class='fa fa-check-circle'><\/i> Gemeinsames Bad<\/li>                                            <\/ul>\n                                        <\/div>\n                                    <\/div>\n                                    <a href=\"https:\/\/ristorantealpino.ch\/de\/room\/doppelzimmer-gemeinsames-bad\/\" class=\"btn btn-primary btn-block\"> Book now <\/a>\n                                <\/div>\n                            <\/div>\n                        <\/div>\n                    <\/div>\n                \n                    <!-- Room -->\n                    <br \/>\n<b>Warning<\/b>:  Attempt to read property \"ID\" on null in <b>\/home\/clients\/9f44d4246f3532ee9d0214d01de6a007\/web\/ristorantealpino\/wp-content\/plugins\/starhotel-must-install\/starhotel-must-install.php<\/b> on line <b>829<\/b><br \/>\n                    <div class=\"col-sm-4 <br \/>\n<b>Warning<\/b>:  Undefined variable $maxrooms in <b>\/home\/clients\/9f44d4246f3532ee9d0214d01de6a007\/web\/ristorantealpino\/wp-content\/plugins\/starhotel-must-install\/starhotel-must-install.php<\/b> on line <b>841<\/b><br \/>\n<br \/>\n<b>Warning<\/b>:  Undefined variable $maxrooms in <b>\/home\/clients\/9f44d4246f3532ee9d0214d01de6a007\/web\/ristorantealpino\/wp-content\/plugins\/starhotel-must-install\/starhotel-must-install.php<\/b> on line <b>841<\/b><br \/>\n\">\n                                                <div class=\"room-thumb\">\n                            <img loading=\"lazy\" decoding=\"async\" width=\"356\" height=\"228\" src=\"https:\/\/ristorantealpino.ch\/wp-content\/uploads\/2017\/05\/ftr-double-ensuite.jpg\" class=\"img-responsive wp-post-image\" alt=\"\" srcset=\"https:\/\/ristorantealpino.ch\/wp-content\/uploads\/2017\/05\/ftr-double-ensuite.jpg 356w, https:\/\/ristorantealpino.ch\/wp-content\/uploads\/2017\/05\/ftr-double-ensuite-300x192.jpg 300w\" sizes=\"(max-width: 356px) 100vw, 356px\" \/>                            <div class=\"mask\">\n                                <div class=\"main\">\n                                    <h5>Doppelzimmer mit Bad<\/h5>\n                                    <div class='price'> 60.-*<span>a night<\/span><\/div>                                <\/div>\n                                <div class=\"content\">\n                                                                        <p><span>Alpen-Stil Zimmer<\/span>Unsere 6 Zimmer in verschiedenen Gr\u00f6\u00dfen und gemeinsamem Bad weisen ein atemberaubendes Alpenpanorama auf.* Preise werden in Schweizer Franken angegeben, &quot;ab&quot; ... nehmen Sie mit uns Kontakt auf um Informationen bez\u00fcglich unserer Endpreise zu bekommen.<\/p>\n\n                                    <div class=\"row\">\n                                        <div class=\"col-xs-6\">\n                                            <ul class=\"list-unstyled\">\n                                                <li><i class='fa fa-check-circle'><\/i> Fr\u00fchst\u00fcck<\/li><li><i class='fa fa-check-circle'><\/i> Bergansicht<\/li>                                            <\/ul>\n                                        <\/div>\n                                        <div class=\"col-xs-6\">\n                                            <ul class=\"list-unstyled\">\n                                                <li><i class='fa fa-check-circle'><\/i> Kostenfreies Wifi<\/li><li><i class='fa fa-check-circle'><\/i> Privates Bad<\/li>                                            <\/ul>\n                                        <\/div>\n                                    <\/div>\n                                    <a href=\"https:\/\/ristorantealpino.ch\/de\/room\/doppelzimmer-mit-bad\/\" class=\"btn btn-primary btn-block\"> Book now <\/a>\n                                <\/div>\n                            <\/div>\n                        <\/div>\n                    <\/div>\n                \n                    <!-- Room -->\n                    <br \/>\n<b>Warning<\/b>:  Attempt to read property \"ID\" on null in <b>\/home\/clients\/9f44d4246f3532ee9d0214d01de6a007\/web\/ristorantealpino\/wp-content\/plugins\/starhotel-must-install\/starhotel-must-install.php<\/b> on line <b>829<\/b><br \/>\n                    <div class=\"col-sm-4 <br \/>\n<b>Warning<\/b>:  Undefined variable $maxrooms in <b>\/home\/clients\/9f44d4246f3532ee9d0214d01de6a007\/web\/ristorantealpino\/wp-content\/plugins\/starhotel-must-install\/starhotel-must-install.php<\/b> on line <b>841<\/b><br \/>\n<br \/>\n<b>Warning<\/b>:  Undefined variable $maxrooms in <b>\/home\/clients\/9f44d4246f3532ee9d0214d01de6a007\/web\/ristorantealpino\/wp-content\/plugins\/starhotel-must-install\/starhotel-must-install.php<\/b> on line <b>841<\/b><br \/>\n\">\n                                                <div class=\"room-thumb\">\n                            <img loading=\"lazy\" decoding=\"async\" width=\"356\" height=\"228\" src=\"https:\/\/ristorantealpino.ch\/wp-content\/uploads\/2017\/05\/ftr-single-ensuite.jpg\" class=\"img-responsive wp-post-image\" alt=\"\" srcset=\"https:\/\/ristorantealpino.ch\/wp-content\/uploads\/2017\/05\/ftr-single-ensuite.jpg 356w, https:\/\/ristorantealpino.ch\/wp-content\/uploads\/2017\/05\/ftr-single-ensuite-300x192.jpg 300w\" sizes=\"(max-width: 356px) 100vw, 356px\" \/>                            <div class=\"mask\">\n                                <div class=\"main\">\n                                    <h5>Einzelzimmer mit Bad<\/h5>\n                                    <div class='price'> 60.-*<span>a night<\/span><\/div>                                <\/div>\n                                <div class=\"content\">\n                                                                        <p><span>Alpen-Stil Zimmer<\/span>Unsere 6 Zimmer in verschiedenen Gr\u00f6\u00dfen und gemeinsamem Bad weisen ein atemberaubendes Alpenpanorama auf.* Preise werden in Schweizer Franken angegeben, &quot;ab&quot; ... nehmen Sie mit uns Kontakt auf um Informationen bez\u00fcglich unserer Endpreise zu bekommen.<\/p>\n\n                                    <div class=\"row\">\n                                        <div class=\"col-xs-6\">\n                                            <ul class=\"list-unstyled\">\n                                                <li><i class='fa fa-check-circle'><\/i> Fr\u00fcst\u00fcck<\/li><li><i class='fa fa-check-circle'><\/i> Bergansicht<\/li>                                            <\/ul>\n                                        <\/div>\n                                        <div class=\"col-xs-6\">\n                                            <ul class=\"list-unstyled\">\n                                                <li><i class='fa fa-check-circle'><\/i> Kostenfreies Wifi<\/li><li><i class='fa fa-check-circle'><\/i> Privates Bad<\/li>                                            <\/ul>\n                                        <\/div>\n                                    <\/div>\n                                    <a href=\"https:\/\/ristorantealpino.ch\/de\/room\/einzelzimmer-mit-bad\/\" class=\"btn btn-primary btn-block\"> Book now <\/a>\n                                <\/div>\n                            <\/div>\n                        <\/div>\n                    <\/div>\n                \n                    <!-- Room -->\n                    <br \/>\n<b>Warning<\/b>:  Attempt to read property \"ID\" on null in <b>\/home\/clients\/9f44d4246f3532ee9d0214d01de6a007\/web\/ristorantealpino\/wp-content\/plugins\/starhotel-must-install\/starhotel-must-install.php<\/b> on line <b>829<\/b><br \/>\n                    <div class=\"col-sm-4 <br \/>\n<b>Warning<\/b>:  Undefined variable $maxrooms in <b>\/home\/clients\/9f44d4246f3532ee9d0214d01de6a007\/web\/ristorantealpino\/wp-content\/plugins\/starhotel-must-install\/starhotel-must-install.php<\/b> on line <b>841<\/b><br \/>\n<br \/>\n<b>Warning<\/b>:  Undefined variable $maxrooms in <b>\/home\/clients\/9f44d4246f3532ee9d0214d01de6a007\/web\/ristorantealpino\/wp-content\/plugins\/starhotel-must-install\/starhotel-must-install.php<\/b> on line <b>841<\/b><br \/>\n\">\n                                                <div class=\"room-thumb\">\n                            <img loading=\"lazy\" decoding=\"async\" width=\"356\" height=\"228\" src=\"https:\/\/ristorantealpino.ch\/wp-content\/uploads\/2017\/05\/ftr-single-sharedwc.jpg\" class=\"img-responsive wp-post-image\" alt=\"\" srcset=\"https:\/\/ristorantealpino.ch\/wp-content\/uploads\/2017\/05\/ftr-single-sharedwc.jpg 356w, https:\/\/ristorantealpino.ch\/wp-content\/uploads\/2017\/05\/ftr-single-sharedwc-300x192.jpg 300w\" sizes=\"(max-width: 356px) 100vw, 356px\" \/>                            <div class=\"mask\">\n                                <div class=\"main\">\n                                    <h5>Einzelzimmer mit gemeinsamen Bad<\/h5>\n                                    <div class='price'> 48.-*<span>a night<\/span><\/div>                                <\/div>\n                                <div class=\"content\">\n                                                                        <p><span>Zimmer rustikale<\/span>Unsere 6 Zimmer in verschiedenen Gr\u00f6\u00dfen und gemeinsamem Bad weisen ein atemberaubendes Alpenpanorama auf.* Preise werden in Schweizer Franken angegeben, &quot;ab&quot; ... nehmen Sie mit uns Kontakt auf um Informationen bez\u00fcglich unserer Endpreise zu bekommen.<\/p>\n\n                                    <div class=\"row\">\n                                        <div class=\"col-xs-6\">\n                                            <ul class=\"list-unstyled\">\n                                                <li><i class='fa fa-check-circle'><\/i> Fr\u00fcst\u00fcck<\/li><li><i class='fa fa-check-circle'><\/i> Bergansicht<\/li>                                            <\/ul>\n                                        <\/div>\n                                        <div class=\"col-xs-6\">\n                                            <ul class=\"list-unstyled\">\n                                                <li><i class='fa fa-check-circle'><\/i> Gemeinsames Bad<\/li><li><i class='fa fa-check-circle'><\/i> Kostenfreies Wifi<\/li>                                            <\/ul>\n                                        <\/div>\n                                    <\/div>\n                                    <a href=\"https:\/\/ristorantealpino.ch\/de\/room\/einzelzimmer-mit-gemeinsamen-bad\/\" class=\"btn btn-primary btn-block\"> Book now <\/a>\n                                <\/div>\n                            <\/div>\n                        <\/div>\n                    <\/div>\n                \n                    <!-- Room -->\n                    <br \/>\n<b>Warning<\/b>:  Attempt to read property \"ID\" on null in <b>\/home\/clients\/9f44d4246f3532ee9d0214d01de6a007\/web\/ristorantealpino\/wp-content\/plugins\/starhotel-must-install\/starhotel-must-install.php<\/b> on line <b>829<\/b><br \/>\n                    <div class=\"col-sm-4 <br \/>\n<b>Warning<\/b>:  Undefined variable $maxrooms in <b>\/home\/clients\/9f44d4246f3532ee9d0214d01de6a007\/web\/ristorantealpino\/wp-content\/plugins\/starhotel-must-install\/starhotel-must-install.php<\/b> on line <b>841<\/b><br \/>\n<br \/>\n<b>Warning<\/b>:  Undefined variable $maxrooms in <b>\/home\/clients\/9f44d4246f3532ee9d0214d01de6a007\/web\/ristorantealpino\/wp-content\/plugins\/starhotel-must-install\/starhotel-must-install.php<\/b> on line <b>841<\/b><br \/>\n\">\n                                                <div class=\"room-thumb\">\n                            <img loading=\"lazy\" decoding=\"async\" width=\"356\" height=\"228\" src=\"https:\/\/ristorantealpino.ch\/wp-content\/uploads\/2017\/05\/ftr-family-ensuite.jpg\" class=\"img-responsive wp-post-image\" alt=\"\" srcset=\"https:\/\/ristorantealpino.ch\/wp-content\/uploads\/2017\/05\/ftr-family-ensuite.jpg 356w, https:\/\/ristorantealpino.ch\/wp-content\/uploads\/2017\/05\/ftr-family-ensuite-300x192.jpg 300w\" sizes=\"(max-width: 356px) 100vw, 356px\" \/>                            <div class=\"mask\">\n                                <div class=\"main\">\n                                    <h5>Familienzimmer mit Bad<\/h5>\n                                    <div class='price'> 60.-*<span>a night<\/span><\/div>                                <\/div>\n                                <div class=\"content\">\n                                                                        <p><span>Alpen-Stil Zimmer<\/span>Unsere 6 Zimmer in verschiedenen Gr\u00f6\u00dfen und gemeinsamem Bad weisen ein atemberaubendes Alpenpanorama auf.* Preise werden in Schweizer Franken angegeben, &quot;ab&quot; ... nehmen Sie mit uns Kontakt auf um Informationen bez\u00fcglich unserer Endpreise zu bekommen.<\/p>\n\n                                    <div class=\"row\">\n                                        <div class=\"col-xs-6\">\n                                            <ul class=\"list-unstyled\">\n                                                <li><i class='fa fa-check-circle'><\/i> Privates Bad<\/li><li><i class='fa fa-check-circle'><\/i> Bergansicht<\/li>                                            <\/ul>\n                                        <\/div>\n                                        <div class=\"col-xs-6\">\n                                            <ul class=\"list-unstyled\">\n                                                <li><i class='fa fa-check-circle'><\/i> Fr\u00fcst\u00fcck<\/li><li><i class='fa fa-check-circle'><\/i> Kostenfreies Wifi<\/li>                                            <\/ul>\n                                        <\/div>\n                                    <\/div>\n                                    <a href=\"https:\/\/ristorantealpino.ch\/de\/room\/familienzimmer-mit-bad\/\" class=\"btn btn-primary btn-block\"> Book now <\/a>\n                                <\/div>\n                            <\/div>\n                        <\/div>\n                    <\/div>\n                \n                    <!-- Room -->\n                    <br \/>\n<b>Warning<\/b>:  Attempt to read property \"ID\" on null in <b>\/home\/clients\/9f44d4246f3532ee9d0214d01de6a007\/web\/ristorantealpino\/wp-content\/plugins\/starhotel-must-install\/starhotel-must-install.php<\/b> on line <b>829<\/b><br \/>\n                    <div class=\"col-sm-4 <br \/>\n<b>Warning<\/b>:  Undefined variable $maxrooms in <b>\/home\/clients\/9f44d4246f3532ee9d0214d01de6a007\/web\/ristorantealpino\/wp-content\/plugins\/starhotel-must-install\/starhotel-must-install.php<\/b> on line <b>841<\/b><br \/>\n<br \/>\n<b>Warning<\/b>:  Undefined variable $maxrooms in <b>\/home\/clients\/9f44d4246f3532ee9d0214d01de6a007\/web\/ristorantealpino\/wp-content\/plugins\/starhotel-must-install\/starhotel-must-install.php<\/b> on line <b>841<\/b><br \/>\n\">\n                                                <div class=\"room-thumb\">\n                            <img loading=\"lazy\" decoding=\"async\" width=\"356\" height=\"228\" src=\"https:\/\/ristorantealpino.ch\/wp-content\/uploads\/2017\/05\/ftr-family-sharedwc.jpg\" class=\"img-responsive wp-post-image\" alt=\"\" srcset=\"https:\/\/ristorantealpino.ch\/wp-content\/uploads\/2017\/05\/ftr-family-sharedwc.jpg 356w, https:\/\/ristorantealpino.ch\/wp-content\/uploads\/2017\/05\/ftr-family-sharedwc-300x192.jpg 300w\" sizes=\"(max-width: 356px) 100vw, 356px\" \/>                            <div class=\"mask\">\n                                <div class=\"main\">\n                                    <h5>Familienzimmer mit gemeinsamen Bad<\/h5>\n                                    <div class='price'> 48.-*<span>a night<\/span><\/div>                                <\/div>\n                                <div class=\"content\">\n                                                                        <p><span>Zimmer rustikale<\/span>Unsere 6 Zimmer in verschiedenen Gr\u00f6\u00dfen und gemeinsamem Bad weisen ein atemberaubendes Alpenpanorama auf.* Preise werden in Schweizer Franken angegeben, &quot;ab&quot; ... nehmen Sie mit uns Kontakt auf um Informationen bez\u00fcglich unserer Endpreise zu bekommen.<\/p>\n\n                                    <div class=\"row\">\n                                        <div class=\"col-xs-6\">\n                                            <ul class=\"list-unstyled\">\n                                                <li><i class='fa fa-check-circle'><\/i> Gemeinsames Bad<\/li><li><i class='fa fa-check-circle'><\/i> Bergansicht<\/li>                                            <\/ul>\n                                        <\/div>\n                                        <div class=\"col-xs-6\">\n                                            <ul class=\"list-unstyled\">\n                                                <li><i class='fa fa-check-circle'><\/i> Fr\u00fcst\u00fcck<\/li><li><i class='fa fa-check-circle'><\/i> Kostenfreies Wifi<\/li>                                            <\/ul>\n                                        <\/div>\n                                    <\/div>\n                                    <a href=\"https:\/\/ristorantealpino.ch\/de\/room\/familienzimmer-mit-gemeinsamen-bad\/\" class=\"btn btn-primary btn-block\"> Book now <\/a>\n                                <\/div>\n                            <\/div>\n                        <\/div>\n                    <\/div>\n                                                    \n        <\/div>\n    <\/div>\n    [\/vc_column][\/vc_row][vc_row][vc_column][vc_empty_space][vc_column_text]\n<h3>F\u00fcr Reservierungen mailen Sie uns an:<\/h3>\n<h3><a href=\"mailto:alpino-sonogno@bluewin.ch\">alpino-sonogno@bluewin.ch<\/a><\/h3>\n[\/vc_column_text][\/vc_column][\/vc_row]\n<\/section>","protected":false},"excerpt":{"rendered":"<p>[vc_row][vc_column][vc_column_text] Wir sind ein kleines\u00a0familiengef\u00fchrtes Hotel mit 9 Zimmern, von denen 3 in privates Bad haben und 6 Zimmer gemeinsame B\u00e4der teilen. Uns liegt viel daran, unsere Struktur sauber zu halten, damit es unsere G\u00e4ste gem\u00fctlich haben und sie sich wohl f\u00fchlen. Alle G\u00e4stezimmer sind einfach eingerichtet und spiegeln del rustikalen Stil unserer Gegend wider. [&hellip;]<\/p>\n","protected":false},"author":1,"featured_media":0,"parent":0,"menu_order":0,"comment_status":"closed","ping_status":"closed","template":"","meta":{"footnotes":""},"_links":{"self":[{"href":"https:\/\/ristorantealpino.ch\/de\/wp-json\/wp\/v2\/pages\/2348"}],"collection":[{"href":"https:\/\/ristorantealpino.ch\/de\/wp-json\/wp\/v2\/pages"}],"about":[{"href":"https:\/\/ristorantealpino.ch\/de\/wp-json\/wp\/v2\/types\/page"}],"author":[{"embeddable":true,"href":"https:\/\/ristorantealpino.ch\/de\/wp-json\/wp\/v2\/users\/1"}],"replies":[{"embeddable":true,"href":"https:\/\/ristorantealpino.ch\/de\/wp-json\/wp\/v2\/comments?post=2348"}],"version-history":[{"count":11,"href":"https:\/\/ristorantealpino.ch\/de\/wp-json\/wp\/v2\/pages\/2348\/revisions"}],"predecessor-version":[{"id":2995,"href":"https:\/\/ristorantealpino.ch\/de\/wp-json\/wp\/v2\/pages\/2348\/revisions\/2995"}],"wp:attachment":[{"href":"https:\/\/ristorantealpino.ch\/de\/wp-json\/wp\/v2\/media?parent=2348"}],"curies":[{"name":"wp","href":"https:\/\/api.w.org\/{rel}","templated":true}]}}