{"id":2352,"date":"2017-05-08T12:16:39","date_gmt":"2017-05-08T10:16:39","guid":{"rendered":"http:\/\/ristorantealpino.ch\/restaurant-bar\/"},"modified":"2017-05-08T15:53:24","modified_gmt":"2017-05-08T13:53:24","slug":"restaurant-bar","status":"publish","type":"page","link":"https:\/\/ristorantealpino.ch\/de\/restaurant-bar\/","title":{"rendered":"Restaurant|Bar"},"content":{"rendered":"<section class=\"wpb-content-wrapper\">[vc_row][vc_column width=&#8221;3\/4&#8243;][vc_column_text]Seit 1890 ist das Ristorante Alpino Eigentum der Familie Perozzi. Schon aus Tradition liegt uns das Wohl unserer G\u00e4ste sehr am Herzen.<br \/>\nKulinarisch pflegen wir die einheimische K\u00fcche und verwenden hierf\u00fcr vorwiegend Produkte aus der Region.<br \/>\nIm Haus bieten drei Gastr\u00e4ume Platz f\u00fcr 70 Personen; die Aussenterrasse nimmt bis zu 100 Personen auf. Sowohl gr\u00f6\u00dfere als auch kleinere Gruppen sind bei uns herzlich Willkommen.<br \/>\nDie Ausstattung unserer niveauvoll eingerichteten G\u00e4stezimmer mit insgesamt 20 Betten entspricht den heutigen hohen Standards. [\/vc_column_text][\/vc_column][vc_column width=&#8221;1\/4&#8243;][vc_raw_html]PGRpdiBpZD0iVEFfc2VsZnNlcnZlcHJvcDUzNSIgY2xhc3M9IlRBX3NlbGZzZXJ2ZXByb3AiPg0KPHVsIGlkPSJ1dGQ3Y25wYiIgY2xhc3M9IlRBX2xpbmtzIEhhYWR3WFJhak4iPg0KPGxpIGlkPSJnbjhTYmhadyIgY2xhc3M9ImJhZ3BGR0wiPg0KPGEgdGFyZ2V0PSJfYmxhbmsiIGhyZWY9Imh0dHBzOi8vd3d3LnRyaXBhZHZpc29yLmNvbS8iPjxpbWcgc3JjPSJodHRwczovL3d3dy50cmlwYWR2aXNvci5jb20vaW1nL2Nkc2kvaW1nMi9icmFuZGluZy8xNTBfbG9nby0xMTkwMC0yLnBuZyIgYWx0PSJUcmlwQWR2aXNvciIvPjwvYT4NCjwvbGk+DQo8L3VsPg0KPC9kaXY+DQo8c2NyaXB0IHNyYz0iaHR0cHM6Ly93d3cuanNjYWNoZS5jb20vd2Vqcz93dHlwZT1zZWxmc2VydmVwcm9wJmFtcDt1bmlxPTUzNSZhbXA7bG9jYXRpb25JZD0zMzMzNjIzJmFtcDtsYW5nPWVuX1VTJmFtcDtyYXRpbmc9dHJ1ZSZhbXA7bnJldmlld3M9NSZhbXA7d3JpdGVyZXZpZXdsaW5rPXRydWUmYW1wO3BvcElkeD10cnVlJmFtcDtpc3dpZGU9ZmFsc2UmYW1wO2JvcmRlcj10cnVlJmFtcDtkaXNwbGF5X3ZlcnNpb249MiI+PC9zY3JpcHQ+DQo=[\/vc_raw_html][\/vc_column][\/vc_row][vc_row][vc_column][vc_column_text]<iframe loading=\"lazy\" style=\"border: 0;\" src=\"https:\/\/www.google.com\/maps\/embed?pb=!1m0!3m2!1sen!2sus!4v1487333759016!6m8!1m7!1s59hq4Gf-CLgAAAQvPHxi8g!2m2!1d46.35029408712868!2d8.787166085387298!3f56.50480513881648!4f-23.39617148835505!5f0.7820865974627469\" width=\"100%\" height=\"600\" frameborder=\"0\" allowfullscreen=\"allowfullscreen\"><\/iframe>[\/vc_column_text][\/vc_column][\/vc_row]\n<\/section>","protected":false},"excerpt":{"rendered":"<p>[vc_row][vc_column width=&#8221;3\/4&#8243;][vc_column_text]Seit 1890 ist das Ristorante Alpino Eigentum der Familie Perozzi. Schon aus Tradition liegt uns das Wohl unserer G\u00e4ste sehr am Herzen. Kulinarisch pflegen wir die einheimische K\u00fcche und verwenden hierf\u00fcr vorwiegend Produkte aus der Region. Im Haus bieten drei Gastr\u00e4ume Platz f\u00fcr 70 Personen; die Aussenterrasse nimmt bis zu 100 Personen auf. Sowohl [&hellip;]<\/p>\n","protected":false},"author":1,"featured_media":0,"parent":0,"menu_order":0,"comment_status":"closed","ping_status":"closed","template":"","meta":{"footnotes":""},"_links":{"self":[{"href":"https:\/\/ristorantealpino.ch\/de\/wp-json\/wp\/v2\/pages\/2352"}],"collection":[{"href":"https:\/\/ristorantealpino.ch\/de\/wp-json\/wp\/v2\/pages"}],"about":[{"href":"https:\/\/ristorantealpino.ch\/de\/wp-json\/wp\/v2\/types\/page"}],"author":[{"embeddable":true,"href":"https:\/\/ristorantealpino.ch\/de\/wp-json\/wp\/v2\/users\/1"}],"replies":[{"embeddable":true,"href":"https:\/\/ristorantealpino.ch\/de\/wp-json\/wp\/v2\/comments?post=2352"}],"version-history":[{"count":4,"href":"https:\/\/ristorantealpino.ch\/de\/wp-json\/wp\/v2\/pages\/2352\/revisions"}],"predecessor-version":[{"id":2420,"href":"https:\/\/ristorantealpino.ch\/de\/wp-json\/wp\/v2\/pages\/2352\/revisions\/2420"}],"wp:attachment":[{"href":"https:\/\/ristorantealpino.ch\/de\/wp-json\/wp\/v2\/media?parent=2352"}],"curies":[{"name":"wp","href":"https:\/\/api.w.org\/{rel}","templated":true}]}}