{"id":2357,"date":"2017-05-08T12:20:31","date_gmt":"2017-05-08T10:20:31","guid":{"rendered":"http:\/\/ristorantealpino.ch\/home\/"},"modified":"2017-08-07T18:05:06","modified_gmt":"2017-08-07T16:05:06","slug":"home","status":"publish","type":"page","link":"https:\/\/ristorantealpino.ch\/de\/","title":{"rendered":"Home"},"content":{"rendered":"<section class=\"wpb-content-wrapper\">[vc_row css=&#8221;.vc_custom_1464780107818{margin-top: 50px !important;}&#8221;][vc_column][vc_column_text]Seit 1890 ist das Ristorante Alpino Eigentum der Familie Perozzi. Schon aus Tradition liegt uns das Wohl unserer G\u00e4ste sehr am Herzen.<br \/>\nKulinarisch pflegen wir die einheimische K\u00fcche und verwenden hierf\u00fcr vorwiegend Produkte aus der Region.<br \/>\nIm Haus bieten drei Gastr\u00e4ume Platz f\u00fcr 70 Personen; die Aussenterrasse nimmt bis zu 100 Personen auf. Sowohl gr\u00f6\u00dfere als auch kleinere Gruppen sind bei uns herzlich Willkommen.<br \/>\nDie Ausstattung unserer niveauvoll eingerichteten G\u00e4stezimmer mit insgesamt 20 Betten entspricht den heutigen hohen Standards.[\/vc_column_text]\n        <h2 class=\"lined-heading mt50\">\n            <span>\n            Die besten Zimmer\n            <\/span>\n        <\/h2>\n        \n    <!-- Rooms -->\n    <div class=\"rooms mt110\">\n        <div class=\"row room-list\">\n            \n                    <!-- Room -->\n                    <br \/>\n<b>Warning<\/b>:  Attempt to read property \"ID\" on null in <b>\/home\/clients\/9f44d4246f3532ee9d0214d01de6a007\/web\/ristorantealpino\/wp-content\/plugins\/starhotel-must-install\/starhotel-must-install.php<\/b> on line <b>829<\/b><br \/>\n                    <div class=\"col-sm-4 <br \/>\n<b>Warning<\/b>:  Undefined variable $maxrooms in <b>\/home\/clients\/9f44d4246f3532ee9d0214d01de6a007\/web\/ristorantealpino\/wp-content\/plugins\/starhotel-must-install\/starhotel-must-install.php<\/b> on line <b>841<\/b><br \/>\n<br \/>\n<b>Warning<\/b>:  Undefined variable $maxrooms in <b>\/home\/clients\/9f44d4246f3532ee9d0214d01de6a007\/web\/ristorantealpino\/wp-content\/plugins\/starhotel-must-install\/starhotel-must-install.php<\/b> on line <b>841<\/b><br \/>\n\">\n                                                <div class=\"room-thumb\">\n                            <img loading=\"lazy\" decoding=\"async\" width=\"356\" height=\"228\" src=\"https:\/\/ristorantealpino.ch\/wp-content\/uploads\/2017\/05\/ftr-single-sharedwc.jpg\" class=\"img-responsive wp-post-image\" alt=\"\" srcset=\"https:\/\/ristorantealpino.ch\/wp-content\/uploads\/2017\/05\/ftr-single-sharedwc.jpg 356w, https:\/\/ristorantealpino.ch\/wp-content\/uploads\/2017\/05\/ftr-single-sharedwc-300x192.jpg 300w\" sizes=\"(max-width: 356px) 100vw, 356px\" \/>                            <div class=\"mask\">\n                                <div class=\"main\">\n                                    <h5>Einzelzimmer mit gemeinsamen Bad<\/h5>\n                                    <div class='price'> 48.-*<span>a night<\/span><\/div>                                <\/div>\n                                <div class=\"content\">\n                                                                        <p><span>Zimmer rustikale<\/span>Unsere 6 Zimmer in verschiedenen Gr\u00f6\u00dfen und gemeinsamem Bad weisen ein atemberaubendes Alpenpanorama auf.* Preise werden in Schweizer Franken angegeben, &quot;ab&quot; ... nehmen Sie mit uns Kontakt auf um Informationen bez\u00fcglich unserer Endpreise zu bekommen.<\/p>\n\n                                    <div class=\"row\">\n                                        <div class=\"col-xs-6\">\n                                            <ul class=\"list-unstyled\">\n                                                <li><i class='fa fa-check-circle'><\/i> Fr\u00fcst\u00fcck<\/li><li><i class='fa fa-check-circle'><\/i> Bergansicht<\/li>                                            <\/ul>\n                                        <\/div>\n                                        <div class=\"col-xs-6\">\n                                            <ul class=\"list-unstyled\">\n                                                <li><i class='fa fa-check-circle'><\/i> Gemeinsames Bad<\/li><li><i class='fa fa-check-circle'><\/i> Kostenfreies Wifi<\/li>                                            <\/ul>\n                                        <\/div>\n                                    <\/div>\n                                    <a href=\"https:\/\/ristorantealpino.ch\/de\/room\/einzelzimmer-mit-gemeinsamen-bad\/\" class=\"btn btn-primary btn-block\"> Book now <\/a>\n                                <\/div>\n                            <\/div>\n                        <\/div>\n                    <\/div>\n                \n                    <!-- Room -->\n                    <br \/>\n<b>Warning<\/b>:  Attempt to read property \"ID\" on null in <b>\/home\/clients\/9f44d4246f3532ee9d0214d01de6a007\/web\/ristorantealpino\/wp-content\/plugins\/starhotel-must-install\/starhotel-must-install.php<\/b> on line <b>829<\/b><br \/>\n                    <div class=\"col-sm-4 <br \/>\n<b>Warning<\/b>:  Undefined variable $maxrooms in <b>\/home\/clients\/9f44d4246f3532ee9d0214d01de6a007\/web\/ristorantealpino\/wp-content\/plugins\/starhotel-must-install\/starhotel-must-install.php<\/b> on line <b>841<\/b><br \/>\n<br \/>\n<b>Warning<\/b>:  Undefined variable $maxrooms in <b>\/home\/clients\/9f44d4246f3532ee9d0214d01de6a007\/web\/ristorantealpino\/wp-content\/plugins\/starhotel-must-install\/starhotel-must-install.php<\/b> on line <b>841<\/b><br \/>\n\">\n                                                <div class=\"room-thumb\">\n                            <img loading=\"lazy\" decoding=\"async\" width=\"356\" height=\"228\" src=\"https:\/\/ristorantealpino.ch\/wp-content\/uploads\/2017\/05\/ftr-double-ensuite.jpg\" class=\"img-responsive wp-post-image\" alt=\"\" srcset=\"https:\/\/ristorantealpino.ch\/wp-content\/uploads\/2017\/05\/ftr-double-ensuite.jpg 356w, https:\/\/ristorantealpino.ch\/wp-content\/uploads\/2017\/05\/ftr-double-ensuite-300x192.jpg 300w\" sizes=\"(max-width: 356px) 100vw, 356px\" \/>                            <div class=\"mask\">\n                                <div class=\"main\">\n                                    <h5>Doppelzimmer mit Bad<\/h5>\n                                    <div class='price'> 60.-*<span>a night<\/span><\/div>                                <\/div>\n                                <div class=\"content\">\n                                                                        <p><span>Alpen-Stil Zimmer<\/span>Unsere 6 Zimmer in verschiedenen Gr\u00f6\u00dfen und gemeinsamem Bad weisen ein atemberaubendes Alpenpanorama auf.* Preise werden in Schweizer Franken angegeben, &quot;ab&quot; ... nehmen Sie mit uns Kontakt auf um Informationen bez\u00fcglich unserer Endpreise zu bekommen.<\/p>\n\n                                    <div class=\"row\">\n                                        <div class=\"col-xs-6\">\n                                            <ul class=\"list-unstyled\">\n                                                <li><i class='fa fa-check-circle'><\/i> Fr\u00fchst\u00fcck<\/li><li><i class='fa fa-check-circle'><\/i> Bergansicht<\/li>                                            <\/ul>\n                                        <\/div>\n                                        <div class=\"col-xs-6\">\n                                            <ul class=\"list-unstyled\">\n                                                <li><i class='fa fa-check-circle'><\/i> Kostenfreies Wifi<\/li><li><i class='fa fa-check-circle'><\/i> Privates Bad<\/li>                                            <\/ul>\n                                        <\/div>\n                                    <\/div>\n                                    <a href=\"https:\/\/ristorantealpino.ch\/de\/room\/doppelzimmer-mit-bad\/\" class=\"btn btn-primary btn-block\"> Book now <\/a>\n                                <\/div>\n                            <\/div>\n                        <\/div>\n                    <\/div>\n                \n                    <!-- Room -->\n                    <br \/>\n<b>Warning<\/b>:  Attempt to read property \"ID\" on null in <b>\/home\/clients\/9f44d4246f3532ee9d0214d01de6a007\/web\/ristorantealpino\/wp-content\/plugins\/starhotel-must-install\/starhotel-must-install.php<\/b> on line <b>829<\/b><br \/>\n                    <div class=\"col-sm-4 <br \/>\n<b>Warning<\/b>:  Undefined variable $maxrooms in <b>\/home\/clients\/9f44d4246f3532ee9d0214d01de6a007\/web\/ristorantealpino\/wp-content\/plugins\/starhotel-must-install\/starhotel-must-install.php<\/b> on line <b>841<\/b><br \/>\n<br \/>\n<b>Warning<\/b>:  Undefined variable $maxrooms in <b>\/home\/clients\/9f44d4246f3532ee9d0214d01de6a007\/web\/ristorantealpino\/wp-content\/plugins\/starhotel-must-install\/starhotel-must-install.php<\/b> on line <b>841<\/b><br \/>\n\">\n                                                <div class=\"room-thumb\">\n                            <img loading=\"lazy\" decoding=\"async\" width=\"356\" height=\"228\" src=\"https:\/\/ristorantealpino.ch\/wp-content\/uploads\/2017\/05\/ftr-family-ensuite.jpg\" class=\"img-responsive wp-post-image\" alt=\"\" srcset=\"https:\/\/ristorantealpino.ch\/wp-content\/uploads\/2017\/05\/ftr-family-ensuite.jpg 356w, https:\/\/ristorantealpino.ch\/wp-content\/uploads\/2017\/05\/ftr-family-ensuite-300x192.jpg 300w\" sizes=\"(max-width: 356px) 100vw, 356px\" \/>                            <div class=\"mask\">\n                                <div class=\"main\">\n                                    <h5>Familienzimmer mit Bad<\/h5>\n                                    <div class='price'> 60.-*<span>a night<\/span><\/div>                                <\/div>\n                                <div class=\"content\">\n                                                                        <p><span>Alpen-Stil Zimmer<\/span>Unsere 6 Zimmer in verschiedenen Gr\u00f6\u00dfen und gemeinsamem Bad weisen ein atemberaubendes Alpenpanorama auf.* Preise werden in Schweizer Franken angegeben, &quot;ab&quot; ... nehmen Sie mit uns Kontakt auf um Informationen bez\u00fcglich unserer Endpreise zu bekommen.<\/p>\n\n                                    <div class=\"row\">\n                                        <div class=\"col-xs-6\">\n                                            <ul class=\"list-unstyled\">\n                                                <li><i class='fa fa-check-circle'><\/i> Privates Bad<\/li><li><i class='fa fa-check-circle'><\/i> Bergansicht<\/li>                                            <\/ul>\n                                        <\/div>\n                                        <div class=\"col-xs-6\">\n                                            <ul class=\"list-unstyled\">\n                                                <li><i class='fa fa-check-circle'><\/i> Fr\u00fcst\u00fcck<\/li><li><i class='fa fa-check-circle'><\/i> Kostenfreies Wifi<\/li>                                            <\/ul>\n                                        <\/div>\n                                    <\/div>\n                                    <a href=\"https:\/\/ristorantealpino.ch\/de\/room\/familienzimmer-mit-bad\/\" class=\"btn btn-primary btn-block\"> Book now <\/a>\n                                <\/div>\n                            <\/div>\n                        <\/div>\n                    <\/div>\n                                                    \n        <\/div>\n    <\/div>\n    [\/vc_column][\/vc_row][vc_row css=&#8221;.vc_custom_1464780117347{margin-top: 50px !important;}&#8221;][vc_column]\n        <h2 class=\"lined-heading mt50\">\n            <span>\n            \n            <\/span>\n        <\/h2>\n        [vc_row_inner][vc_column_inner width=&#8221;1\/4&#8243;]\n    <div class=\"usp\">\n        <div class=\"box-icon\">\n                <div class=\"circle\"><i class=\"fa fa fa-glass fa-lg\"><\/i><\/div>\n                <h3>Full Bar und Caf\u00e9<\/h3>\n                <p>\n<p class=\"p1\"><span class=\"s1\">Ein Angebot von italienischem Kaffee und eine Auslese an Teesorten, sowie eine Auswahl an Fein- und Kleingeb\u00e4ck oder anderen S\u00fcsswaren und eine gro\u00dfe Vielfalt an Eis. Die Bar bietet auch ein breits Sortiment von Weinen und Spiritousen.\u00a0<\/span><\/p>\n<p class=\"p1\"><a href=\"http:\/\/ristorantealpino.ch\/de\/restaurant-bar\/\">Erfahren Sie mehr<\/a><\/p>\n<\/p>\n        <\/div>\n    <\/div>\n    [\/vc_column_inner][vc_column_inner width=&#8221;1\/4&#8243;]\n    <div class=\"usp\">\n        <div class=\"box-icon\">\n                <div class=\"circle\"><i class=\"fa fa fa-bed fa-lg\"><\/i><\/div>\n                <h3>Traditionell eingerichtete Zimmer<\/h3>\n                <p>\n<p class=\"p1\"><span class=\"s1\">Die traditionell eingerichteten Zimmer <\/span><span class=\"s1\">weisen ein atemberaubendes Bergpanorama auf. Privates oder gemeinsames Bad. Inklusive einfaches Fr\u00fchst\u00fcck, Zus\u00e4tzliches kann auf Wunsch bereitgestellt werden &#8211; mit Aufpreis. Wi-fi-Anschluss in den gemeinsamen Bereichen.<\/span><\/p>\n<p><a href=\"http:\/\/ristorantealpino.ch\/de\/zimmer\/\">Erfahren Sie mehr<\/a><\/p>\n        <\/div>\n    <\/div>\n    [\/vc_column_inner][vc_column_inner width=&#8221;1\/4&#8243;]\n    <div class=\"usp\">\n        <div class=\"box-icon\">\n                <div class=\"circle\"><i class=\"fa fa fa-cutlery fa-lg\"><\/i><\/div>\n                <h3>Familien-Restaurant<\/h3>\n                <p>\n<p class=\"p1\"><span class=\"s1\">Das Ristorante Alpino ist seit 1890 Eigentum der Familie Perozzi und wird schon seit immer von ihr verwaltet. <\/span><span class=\"s1\">Im Haus bieten drei Gastr\u00e4ume Platz f\u00fcr bis zu 70 Personen und die Aussenterrasse nimmt bis zu 100 Personen auf. Alle Gruppenarten, ob gro\u00df oder klein, sind bei uns herzlich Willkommen. <\/span><\/p>\n<p class=\"p1\"><a href=\"http:\/\/ristorantealpino.ch\/de\/restaurant-bar\/\">Erfahren Sie mehr<\/a><\/p>\n<\/p>\n        <\/div>\n    <\/div>\n    [\/vc_column_inner][vc_column_inner width=&#8221;1\/4&#8243;]\n    <div class=\"usp\">\n        <div class=\"box-icon\">\n                <div class=\"circle\"><i class=\"fa fa fa-tint fa-lg\"><\/i><\/div>\n                <h3>Sch\u00f6ne Aussicht auf die Berge<\/h3>\n                <p>\n<p class=\"p1\"><span class=\"s1\">Der Fluss Verzasca entspringt auf den Gipfeln oberhalb Sonogno und flie\u00dft das gleichnamige Tal hinab bis nach Corippo, wo er in den Stausee m\u00fcndet.\u00a0<\/span><span class=\"s1\">Das smaragdfarbene Wasser und die unbefleckte Natur machen den ORt zu einem sehr gesch\u00e4tzten Ziel in der Sommersaison. <\/span><\/p>\n<p><a href=\"http:\/\/ristorantealpino.ch\/de\/standorte-aktivitaten\/\">Erfahren Sie mehr<\/a><\/p>\n        <\/div>\n    <\/div>\n    [\/vc_column_inner][\/vc_row_inner][\/vc_column][\/vc_row][vc_row full_width=&#8221;stretch_row_content_no_spaces&#8221; css=&#8221;.vc_custom_1464780134072{margin-top: 50px !important;}&#8221;][vc_column]\n<script type=\"text\/javascript\">jQuery(document).ready(function(){jQuery(\"#parallax-image\").parallax(\"50%\", -0.25);});<\/script>\n<div class=\"parallax-effect\">\n  <div id=\"parallax-image\" style=\"background-image: url(https:\/\/ristorantealpino.ch\/wp-content\/uploads\/2017\/05\/home-parallax-image.png);\">\n    <div class=\"color-overlay fadeIn appear\" data-start=\"600\">\n      <div class=\"container\">\n        <div class=\"content\">\n          <h3 class=\"text-center\">Das Verzascatal<\/h3>\n          <p class=\"text-center\">Ein au\u00dferordentliches Urlaubsziel f\u00fcr ihre Ferien\n          <br>\n          <a class=\"btn mt30 btn-lg btn-ghost\" href=\"http:\/\/prova.ristorantealpino.ch\/de\/fotogallerie\/\">Besuchen Sie die Fotogallerie <\/a>\n          <\/p>\n        <\/div>\n      <\/div>\n    <\/div>\n  <\/div>\n<\/div>\n  [\/vc_column][\/vc_row][vc_row css=&#8221;.vc_custom_1464780153190{margin-top: 50px !important;}&#8221;][vc_column]\n        <h2 class=\"lined-heading mt50\">\n            <span>\n            Fotogallerie\n            <\/span>\n        <\/h2>\n        [\/vc_column][\/vc_row][vc_row full_width=&#8221;stretch_row_content_no_spaces&#8221;][vc_column]<div class=\"carousel\">\n    <div id=\"owl-gallery\" class=\"owl-carousel\">\n       <div class=\"item mfp_open\"><a href=\"https:\/\/ristorantealpino.ch\/wp-content\/uploads\/2017\/05\/ristorantealpino_galleria_6.jpg\"><img decoding=\"async\" src=\"https:\/\/ristorantealpino.ch\/wp-content\/uploads\/2017\/05\/ristorantealpino_galleria_6.jpg\"\/><i class=\"fa fa-search\"><\/i><\/a><\/div>    <div class=\"item mfp_open\"><a href=\"https:\/\/ristorantealpino.ch\/wp-content\/uploads\/2017\/05\/ristorantealpino_galleria_5.jpg\"><img decoding=\"async\" src=\"https:\/\/ristorantealpino.ch\/wp-content\/uploads\/2017\/05\/ristorantealpino_galleria_5.jpg\"\/><i class=\"fa fa-search\"><\/i><\/a><\/div>    <div class=\"item mfp_open\"><a href=\"https:\/\/ristorantealpino.ch\/wp-content\/uploads\/2017\/05\/ristorantealpino_galleria_4.jpg\"><img decoding=\"async\" src=\"https:\/\/ristorantealpino.ch\/wp-content\/uploads\/2017\/05\/ristorantealpino_galleria_4.jpg\"\/><i class=\"fa fa-search\"><\/i><\/a><\/div>    <div class=\"item mfp_open\"><a href=\"https:\/\/ristorantealpino.ch\/wp-content\/uploads\/2017\/05\/ristorantealpino_galleria_3.jpg\"><img decoding=\"async\" src=\"https:\/\/ristorantealpino.ch\/wp-content\/uploads\/2017\/05\/ristorantealpino_galleria_3.jpg\"\/><i class=\"fa fa-search\"><\/i><\/a><\/div>    <div class=\"item mfp_open\"><a href=\"https:\/\/ristorantealpino.ch\/wp-content\/uploads\/2017\/05\/ristorantealpino_galleria_2.jpg\"><img decoding=\"async\" src=\"https:\/\/ristorantealpino.ch\/wp-content\/uploads\/2017\/05\/ristorantealpino_galleria_2.jpg\"\/><i class=\"fa fa-search\"><\/i><\/a><\/div>    <div class=\"item mfp_open\"><a href=\"https:\/\/ristorantealpino.ch\/wp-content\/uploads\/2017\/05\/ristorantealpino_galleria_1.jpg\"><img decoding=\"async\" src=\"https:\/\/ristorantealpino.ch\/wp-content\/uploads\/2017\/05\/ristorantealpino_galleria_1.jpg\"\/><i class=\"fa fa-search\"><\/i><\/a><\/div>     <\/div>\n<\/div>\n[\/vc_column][\/vc_row][vc_row css=&#8221;.vc_custom_1464780159970{margin-top: 25px !important;}&#8221;][vc_column offset=&#8221;vc_col-lg-6 vc_col-md-12&#8243;]\n        <h2 class=\"lined-heading mt50\">\n            <span>\n            Bewertungen:\n            <\/span>\n        <\/h2>\n        \n\n    <div class=\"testimonials\">\n        <div id=\"owl-reviews\" class=\"owl-carousel\">\n          <div class=\"item\">\n            <div class=\"row\">\n              <div class=\"col-lg-3 col-md-4 col-sm-2 col-xs-12\"> <img decoding=\"async\" src=\"https:\/\/ristorantealpino.ch\/wp-content\/uploads\/2017\/05\/de1.jpg\" alt=\"Review 1\" class=\"img-circle\" \/><\/div>              <div class=\"col-lg-9 col-md-8 col-sm-10 col-xs-12\">                <div class=\"text-balloon\">Einfaches aber sauberes Hotel mit sehr freundlichem Service. Wir hatten ein Familienzimmer mit Etagendusche. Gutes Preis\/Leistungsverhaeltnis. Einziges Hotel vor Ort mit tollen Wander und Spaziermoeglichkeiten. Schoenes kleines Fruehstueck inbegriffen.<span>Daniel, E<\/span> <\/div>\n              <\/div>\n            <\/div>\n            <div class=\"row\">\n              <div class=\"col-lg-3 col-md-4 col-sm-2 col-xs-12\"> <img decoding=\"async\" src=\"https:\/\/ristorantealpino.ch\/wp-content\/uploads\/2017\/05\/de2.jpg\" alt=\"Review 2\" class=\"img-circle\" \/><\/div>              <div class=\"col-lg-9 col-md-8 col-sm-10 col-xs-12\">                <div class=\"text-balloon\">Sonogno ist die letzte Station im Verzascatal, ein wundersch\u00f6ner Ort der Ruhe. Hotel Vittorio liegt gerade gegen\u00fcber der Busstation, leicht zu erreichen. Die Zimmer sind sauer und funktionell eingerichtet, mit sch\u00f6nem Blick auf die atemberaubende Natur. Man wird freundlich empfangen und gut beraten. Ich habe die Wanderungen in die n\u00e4here Umgebung sehr genossen, sehr beeindruckend ist der Wasserfall und der Ausblick auf die schneebedeckten Berge.<span>Ryokoo<\/span> <\/div>\n              <\/div>\n            <\/div>\n          <\/div>\n          <div class=\"item\">\n            <div class=\"row\">\n              <div class=\"col-lg-3 col-md-4 col-sm-2 col-xs-12\"> <img decoding=\"async\" src=\"https:\/\/ristorantealpino.ch\/wp-content\/uploads\/2017\/05\/de3.png\" alt=\"Review 3\" class=\"img-circle\" \/><\/div>              <div class=\"col-lg-9 col-md-8 col-sm-10 col-xs-12\">                <div class=\"text-balloon\">Es ist wunderbar zum erholen. Das kleine Hotel liegt sehr zentral am Dorfplatz.Die Zimmer sind sauber und funktionell eingerichtet. Wir wurden sehr freundlich empfangen. Das Personal war auch sehr hilfsbereit und wir genossen die Wanderungen in der zauberhaften Umgebung.<span> Tulipan3 <\/span> <\/div>\n              <\/div>\n            <\/div>\n            <div class=\"row\">\n              <div class=\"col-lg-3 col-md-4 col-sm-2 col-xs-12\"> <img decoding=\"async\" src=\"https:\/\/ristorantealpino.ch\/wp-content\/uploads\/2017\/05\/de4.png\" alt=\"Review 4\" class=\"img-circle\" \/><\/div>              <div class=\"col-lg-9 col-md-8 col-sm-10 col-xs-12\">                <div class=\"text-balloon\">Ich belegte als Alleinreisende ein Doppelzimmer ohne einen Aufpreis zu bezahlen. Die Uebernachtung ist extrem preiswert. In dieser Pension wird auch sehr gut gekocht und ich ass abends immer dort. Die Lage ganz hinten im Verzascatal l\u00e4sst einem sehr gut zur Ruhe kommen.<span>Doris<\/span> <\/div>\n              <\/div>\n            <\/div>\n          <\/div>\n\n        <\/div>\n    <\/div>\n    [\/vc_column][vc_column offset=&#8221;vc_col-lg-6 vc_col-md-12&#8243;]\n        <h2 class=\"lined-heading mt50\">\n            <span>\n            Kontaktiere uns:\n            <\/span>\n        <\/h2>\n        [dhvc_form id=&#8221;2508&#8243;][\/vc_column][\/vc_row]\n<\/section>","protected":false},"excerpt":{"rendered":"<p>[vc_row css=&#8221;.vc_custom_1464780107818{margin-top: 50px !important;}&#8221;][vc_column][vc_column_text]Seit 1890 ist das Ristorante Alpino Eigentum der Familie Perozzi. Schon aus Tradition liegt uns das Wohl unserer G\u00e4ste sehr am Herzen. Kulinarisch pflegen wir die einheimische K\u00fcche und verwenden hierf\u00fcr vorwiegend Produkte aus der Region. Im Haus bieten drei Gastr\u00e4ume Platz f\u00fcr 70 Personen; die Aussenterrasse nimmt bis zu 100 Personen [&hellip;]<\/p>\n","protected":false},"author":1,"featured_media":0,"parent":0,"menu_order":0,"comment_status":"closed","ping_status":"open","template":"page-slider-reservation.php","meta":{"footnotes":""},"_links":{"self":[{"href":"https:\/\/ristorantealpino.ch\/de\/wp-json\/wp\/v2\/pages\/2357"}],"collection":[{"href":"https:\/\/ristorantealpino.ch\/de\/wp-json\/wp\/v2\/pages"}],"about":[{"href":"https:\/\/ristorantealpino.ch\/de\/wp-json\/wp\/v2\/types\/page"}],"author":[{"embeddable":true,"href":"https:\/\/ristorantealpino.ch\/de\/wp-json\/wp\/v2\/users\/1"}],"replies":[{"embeddable":true,"href":"https:\/\/ristorantealpino.ch\/de\/wp-json\/wp\/v2\/comments?post=2357"}],"version-history":[{"count":13,"href":"https:\/\/ristorantealpino.ch\/de\/wp-json\/wp\/v2\/pages\/2357\/revisions"}],"predecessor-version":[{"id":2954,"href":"https:\/\/ristorantealpino.ch\/de\/wp-json\/wp\/v2\/pages\/2357\/revisions\/2954"}],"wp:attachment":[{"href":"https:\/\/ristorantealpino.ch\/de\/wp-json\/wp\/v2\/media?parent=2357"}],"curies":[{"name":"wp","href":"https:\/\/api.w.org\/{rel}","templated":true}]}}