{"id":2388,"date":"2017-05-08T13:16:46","date_gmt":"2017-05-08T11:16:46","guid":{"rendered":"http:\/\/ristorantealpino.ch\/standorte-aktivitaten\/"},"modified":"2017-05-08T15:53:01","modified_gmt":"2017-05-08T13:53:01","slug":"standorte-aktivitaten","status":"publish","type":"page","link":"https:\/\/ristorantealpino.ch\/de\/standorte-aktivitaten\/","title":{"rendered":"Entdecken"},"content":{"rendered":"<section class=\"wpb-content-wrapper\">[vc_row][vc_column][vc_column_text]Sonogno, das hinterste Dorf im Valle Verzasca, hat sein charakteristisches Ortsbild mit alten H\u00e4usern und Gassen bewahrt. An der Piazzetta steht ein typisches Wohnhaus des Verzascatals, die fr\u00fchere Casa Genardini, heute Sitz des Museums. In unmittelbarer N\u00e4he befindet sich ein alter Brotbackofen, der heute noch in Betrieb gesetzt wird. Im oberen Teil des Dorfkerns ist an der Mauer eines Bauernhauses ein Fresko, das das J\u00fcngste Gericht darstellt, zu bewundern. Das Bild ist im 18. Jahrhundert von einem unbekannten K\u00fcnstler gemalt worden.<br \/>\nAm Ortseingang ein weiteres Fresko, auf dem die Madonna, gewisserma\u00dfen als Schutzpatronin des Dorfes, abgebildet ist.  (<a href=\"http:\/\/www.ticino.ch\/en\/commons\/details\/Hamlet-of-Sonogno\/2722.html\">Ticino Tourism<\/a>)[\/vc_column_text][\/vc_column][\/vc_row][vc_row][vc_column][vc_column_text]<iframe loading=\"lazy\" style=\"border: 0;\" src=\"https:\/\/www.google.com\/maps\/embed?pb=!1m0!3m2!1sen!2sus!4v1487333923229!6m8!1m7!1suDMpLghL4qMAAAQvPHkR2Q!2m2!1d46.35019097851004!2d8.787062096017962!3f26.57384194318946!4f13.37579963220773!5f0.7820865974627469\" width=\"100%\" height=\"600\" frameborder=\"0\" allowfullscreen=\"allowfullscreen\"><\/iframe>[\/vc_column_text][\/vc_column][\/vc_row][vc_row][vc_column width=&#8221;1\/3&#8243;][\/vc_column][vc_column width=&#8221;2\/3&#8243;][vc_column_text]Der Fluss Verzasca entspringt auf den Gipfeln oberhalb Sonogno und flie\u00dft das gleichnamige Tal hinab bis nach Corippo, wo er in den Stausee m\u00fcndet. Seine klaren, smaragdgr\u00fcnen Wasser und die unber\u00fchrte Natur die ihn umgibt, machen ihn im Sommer zu einem sehr beliebten Ausflugsziel. Wenn die Stellen mit den ruhigeren Wassern zu einladenden Freiluftbassins werden, f\u00fcllen sich die Ufer, insbesondere in der Gegend von Lavertezzo, mit Badeg\u00e4sten. Ein wahres Juwel in der wilden Natur dieses Tals, ein Paradies f\u00fcr Tauchliebhaber. Doch Achtung und Vorsicht sind unabdingbar. (Ticinotopten.ch)[\/vc_column_text][\/vc_column][\/vc_row][vc_row][vc_column][vc_column_text]Vom Fr\u00fchjahr bis zum Herbst gibt es im Tessin eine gro\u00dfe Anzahl an erholsamen Spazierg\u00e4ngen entlang der Seeufer, anspruchsvolle alpine H\u00f6henwege, Kunst-und Kulturwanderwege sowie gastronomische Ausfl\u00fcge zwischen Weinbergen und Almen.<\/p>\n<p>Eine spontane und nat\u00fcrliche T\u00e4tigkeit, die jeder aus\u00fcben kann: laufen. Das Walking ist eine neue, aber doch alte \u00dcbung. Fangen Sie wieder damit an, ihren K\u00f6rper und Geist von den Schlacken des Alltags zu befreien. Laufen ist die Grundlage aller Fitness-Aktivit\u00e4ten. Am anderen Ende der Welt wurde sein Nutzen im Kampf gegen den Stress neu entdeckt. Es gibt weder Risiken noch Nebenwirkungen. Um loszulegen, braucht man keine besondere Vorbereitung: gute Schuhe und los geht\u2019s. Das Tessin bietet die ideale Voraussetzung, um diese Sportart auszu\u00fcben. Alle Wege sind durch offizielle Schilder markiert. Am Start beschreibt eine Tafel die Route und gibt Auskunft \u00fcber ihr Pr\u00fcfungsjahr. Die Wege befinden sich \u00fcberall: im Locarnese, im Luganese, in der Umgebung von Bellinzona und in den T\u00e4lern.<\/p>\n<p>Canyoning \u2013 das Zauberwort f\u00fcr intensives Erleben. Ein prickelndes, spritziges Abenteuer, atemberaubend und erfrischend, ein Gruppenerlebnis der besonderen Art. Wo Wasserl\u00e4ufe sich imposante Schluchten gegraben haben, entdecken Sie die faszinierende Sch\u00f6nheit der Natur.<\/p>\n<p>Der einfache Zugang, die Vielf\u00e4ltigkeit der Kletterrouten und das gem\u00fctliche Beisammensein am Fu\u00dfe der Felsbl\u00f6cke sowie w\u00e4hrend des Aufstiegs machen aus dem Bouldern f\u00fcr Gruppen und Teambuildingaktivit\u00e4ten aber auch f\u00fcr Familien eine ideale Outdooraktivit\u00e4t\u2026 Wobei man stets daran denken sollte, dass diese Sportart gef\u00e4hrlich sein kann, wenn man die grundlegenden Sicherheitsnormen nicht einh\u00e4lt.<\/p>\n<p>Einer weltweiten Umfrage zufolge ist es der beste Stunt der Filmgeschichte: Bonds Sprung von der 220 Meter hohen Verzasca-Staumauer im Film \u201eGoldenEye\u201c. 007-Sprung oder GoldenEye-Bungee-Jump hei\u00dft denn auch der ultimative Adrenalinkick am Lago di Vogorno.<br \/>\nIn der ber\u00fchmten Szene schoss der englische Topagent \u2013 gespielt von Pierce Brosnan &#8211; einen Anker auf das Dach eines Geb\u00e4udes, bevor er dann an dessen Seil 200 Meter in die Tiefe flog, um in ein verstecktes Giftgaslabor einzusteigen. Auch die Realit\u00e4t ist Action pur: 7,5 Sekunden freier Fall, 220 Meter tief, parallel zur eindrucksvollen Staumauer.<\/p>\n<p>Langlaufen im Winter &#8211; Tennis im Sommer im Sportzentrum von Sonogno.[\/vc_column_text][\/vc_column][\/vc_row]\n<\/section>","protected":false},"excerpt":{"rendered":"<p>[vc_row][vc_column][vc_column_text]Sonogno, das hinterste Dorf im Valle Verzasca, hat sein charakteristisches Ortsbild mit alten H\u00e4usern und Gassen bewahrt. An der Piazzetta steht ein typisches Wohnhaus des Verzascatals, die fr\u00fchere Casa Genardini, heute Sitz des Museums. In unmittelbarer N\u00e4he befindet sich ein alter Brotbackofen, der heute noch in Betrieb gesetzt wird. Im oberen Teil des Dorfkerns ist [&hellip;]<\/p>\n","protected":false},"author":1,"featured_media":0,"parent":0,"menu_order":0,"comment_status":"closed","ping_status":"closed","template":"","meta":{"footnotes":""},"_links":{"self":[{"href":"https:\/\/ristorantealpino.ch\/de\/wp-json\/wp\/v2\/pages\/2388"}],"collection":[{"href":"https:\/\/ristorantealpino.ch\/de\/wp-json\/wp\/v2\/pages"}],"about":[{"href":"https:\/\/ristorantealpino.ch\/de\/wp-json\/wp\/v2\/types\/page"}],"author":[{"embeddable":true,"href":"https:\/\/ristorantealpino.ch\/de\/wp-json\/wp\/v2\/users\/1"}],"replies":[{"embeddable":true,"href":"https:\/\/ristorantealpino.ch\/de\/wp-json\/wp\/v2\/comments?post=2388"}],"version-history":[{"count":5,"href":"https:\/\/ristorantealpino.ch\/de\/wp-json\/wp\/v2\/pages\/2388\/revisions"}],"predecessor-version":[{"id":2418,"href":"https:\/\/ristorantealpino.ch\/de\/wp-json\/wp\/v2\/pages\/2388\/revisions\/2418"}],"wp:attachment":[{"href":"https:\/\/ristorantealpino.ch\/de\/wp-json\/wp\/v2\/media?parent=2388"}],"curies":[{"name":"wp","href":"https:\/\/api.w.org\/{rel}","templated":true}]}}