{"id":1890,"date":"2017-03-20T13:33:53","date_gmt":"2017-03-20T12:33:53","guid":{"rendered":"http:\/\/ristorantealpino.ch\/?page_id=1890"},"modified":"2017-05-10T16:33:55","modified_gmt":"2017-05-10T14:33:55","slug":"contacter","status":"publish","type":"page","link":"https:\/\/ristorantealpino.ch\/fr\/contacter\/","title":{"rendered":"Contacter"},"content":{"rendered":"<section class=\"wpb-content-wrapper\">[vc_row][vc_column width=&#8221;1\/2&#8243;]\n        <h2 class=\"lined-heading mt50\">\n            <span>\n            Addresse\n            <\/span>\n        <\/h2>\n        \n        <!-- Panel -->\n        <div class=\"panel panel-default text-center\">\n          <div class=\"panel-heading\">\n            <div class=\"panel-title\"><strong>D\u00e9tails de contact:<\/strong><\/div>\n          <\/div>\n          <div class=\"panel-body\">\n            <address>Er Piazza 8, Sonogno<br \/>\n6637,\u00a0Suisse<br \/>\n<abbr title=\"Phone\">P:<\/abbr> 0041 (0) 91 746 11 63<br \/>\nF: 0041 (0) 91 746 10 17<br \/>\n<abbr title=\"Email\">E:<\/abbr> <a href=\"mailto:info@ristorantealpino.ch\">info@ristorantealpino.ch<\/a><br \/>\n<abbr title=\"Website\">W:<\/abbr> <a href=\"http:\/\/www.ristorantealpino.ch\">www.ristorantealpino.ch<\/a><\/p>\n<p><a href=\"https:\/\/www.google.com\/maps\/dir\/\/Ristorante+Alpino+-+con+alloggio+(Restaurant+Alpino+-+with+accommodation),+8+Er+Piazza,+6637+Sonogno,+Switzerland\/@46.350338,8.7847653,17z\/data=!4m15!1m6!3m5!1s0x4785a540627d0337:0x488647eb8f27c9f5!2sRistorante+Alpino+-+con+alloggio+(Restaurant+Alpino+-+with+accommodation)!8m2!3d46.350338!4d8.786954!4m7!1m0!1m5!1m1!1s0x4785a540627d0337:0x488647eb8f27c9f5!2m2!1d8.786954!2d46.350338\">Google Directions<\/a><\/address>\n          <\/div>\n        <\/div>\n        \n    <div id=\"map\">\n    <\/div>[\/vc_column][vc_column width=&#8221;1\/2&#8243;]\n        <h2 class=\"lined-heading mt50\">\n            <span>\n            Envoyer un message\n            <\/span>\n        <\/h2>\n        [vc_column_text]\n<p class=\"p1\"><span class=\"s1\">Appelez-nous, envoyez un courriel, par t\u00e9l\u00e9copieur ou en utilisant le formulaire, nous vous r\u00e9pondrons dans les plus brefs d\u00e9lais.<\/span><\/p>\n[\/vc_column_text][dhvc_form id=&#8221;2505&#8243;][\/vc_column][\/vc_row]\n<\/section>","protected":false},"excerpt":{"rendered":"<p>[vc_row][vc_column width=&#8221;1\/2&#8243;][\/vc_column][vc_column width=&#8221;1\/2&#8243;][vc_column_text] Appelez-nous, envoyez un courriel, par t\u00e9l\u00e9copieur ou en utilisant le formulaire, nous vous r\u00e9pondrons dans les plus brefs d\u00e9lais. [\/vc_column_text][dhvc_form id=&#8221;2505&#8243;][\/vc_column][\/vc_row]<\/p>\n","protected":false},"author":1,"featured_media":0,"parent":0,"menu_order":0,"comment_status":"closed","ping_status":"open","template":"","meta":{"footnotes":""},"_links":{"self":[{"href":"https:\/\/ristorantealpino.ch\/fr\/wp-json\/wp\/v2\/pages\/1890"}],"collection":[{"href":"https:\/\/ristorantealpino.ch\/fr\/wp-json\/wp\/v2\/pages"}],"about":[{"href":"https:\/\/ristorantealpino.ch\/fr\/wp-json\/wp\/v2\/types\/page"}],"author":[{"embeddable":true,"href":"https:\/\/ristorantealpino.ch\/fr\/wp-json\/wp\/v2\/users\/1"}],"replies":[{"embeddable":true,"href":"https:\/\/ristorantealpino.ch\/fr\/wp-json\/wp\/v2\/comments?post=1890"}],"version-history":[{"count":9,"href":"https:\/\/ristorantealpino.ch\/fr\/wp-json\/wp\/v2\/pages\/1890\/revisions"}],"predecessor-version":[{"id":2507,"href":"https:\/\/ristorantealpino.ch\/fr\/wp-json\/wp\/v2\/pages\/1890\/revisions\/2507"}],"wp:attachment":[{"href":"https:\/\/ristorantealpino.ch\/fr\/wp-json\/wp\/v2\/media?parent=1890"}],"curies":[{"name":"wp","href":"https:\/\/api.w.org\/{rel}","templated":true}]}}