{"id":2342,"date":"2017-05-08T12:05:55","date_gmt":"2017-05-08T10:05:55","guid":{"rendered":"http:\/\/ristorantealpino.ch\/chambres\/"},"modified":"2022-06-15T23:13:39","modified_gmt":"2022-06-15T21:13:39","slug":"chambres","status":"publish","type":"page","link":"https:\/\/ristorantealpino.ch\/fr\/chambres\/","title":{"rendered":"Chambres"},"content":{"rendered":"<section class=\"wpb-content-wrapper\">[vc_row][vc_column]\n        <h1 class=\"lined-heading mt50\">\n            <span>\n            Nos Chambres\n            <\/span>\n        <\/h1>\n        [vc_column_text]Nous sommes un petit h\u00f4tel familial avec 9 chambres; 3 avec salle de bains et 6 avec salle de bain partag\u00e9e. Nous aimons garder notre place propre et nos clients confortables et heureux. Les chambres sont toutes \u00e0 jour avec des meubles simples, en harmonie avec les styles rustiques locaux. Nous sommes souvent surcharg\u00e9s en haute saison, assurez-vous de nous contacter. Les prix sur le site sont &#8220;\u00e0 partir de&#8221;, nous vous encourageons \u00e0 nous confirmer votre r\u00e9servation et le prix final par email, fax ou par t\u00e9l\u00e9phone.<br \/>\nArriv\u00e9e : 12h00 &#8211; 23h00<br \/>\nD\u00e9part: 7h30 &#8211; 10h30<br \/>\nLes paiements accept\u00e9s sont: esp\u00e8ces, American Express, Mastercard, Visa et carte postale suisse. Si vous payez par carte de cr\u00e9dit, il vous sera demand\u00e9 de r\u00e9gler la nuit avant le d\u00e9part. L&#8217;heure de d\u00e9part est fix\u00e9e \u00e0 10 heures. Les prix incluent une TVA de 3,8% et un petit-d\u00e9jeuner. Veuillez noter qu&#8217;il existe \u00e9galement une taxe municipale obligatoire par personne et par nuit de CHF 3.25. Veuillez noter que la taxe de s\u00e9jour comprend le billet Ticino. Il offre des avantages gratuits et des r\u00e9ductions dans le canton du Tessin, y compris l&#8217;utilisation gratuite des services de train et d&#8217;autobus. Pour plus de d\u00e9tails, veuillez lire plus <a href=\"http:\/\/www.ticino.ch\/fr\/ticket.html\">ici<\/a>.<br \/>\nUne r\u00e9duction est disponible si vous restez plus de 3 nuits. S&#8217;il vous pla\u00eet lire l&#8217;onglet d&#8217;information de r\u00e9servation sur chaque description de chambre.[\/vc_column_text][\/vc_column][\/vc_row][vc_row][vc_column]\n    <!-- Rooms -->\n    <div class=\"rooms mt110\">\n        <div class=\"row room-list\">\n            \n                    <!-- Room -->\n                    <br \/>\n<b>Warning<\/b>:  Attempt to read property \"ID\" on null in <b>\/home\/clients\/9f44d4246f3532ee9d0214d01de6a007\/web\/ristorantealpino\/wp-content\/plugins\/starhotel-must-install\/starhotel-must-install.php<\/b> on line <b>829<\/b><br \/>\n                    <div class=\"col-sm-4 <br \/>\n<b>Warning<\/b>:  Undefined variable $maxrooms in <b>\/home\/clients\/9f44d4246f3532ee9d0214d01de6a007\/web\/ristorantealpino\/wp-content\/plugins\/starhotel-must-install\/starhotel-must-install.php<\/b> on line <b>841<\/b><br \/>\n<br \/>\n<b>Warning<\/b>:  Undefined variable $maxrooms in <b>\/home\/clients\/9f44d4246f3532ee9d0214d01de6a007\/web\/ristorantealpino\/wp-content\/plugins\/starhotel-must-install\/starhotel-must-install.php<\/b> on line <b>841<\/b><br \/>\n\">\n                                                <div class=\"room-thumb\">\n                            <img loading=\"lazy\" decoding=\"async\" width=\"356\" height=\"228\" src=\"https:\/\/ristorantealpino.ch\/wp-content\/uploads\/2017\/05\/ftr-double-sharedwc.jpg\" class=\"img-responsive wp-post-image\" alt=\"\" srcset=\"https:\/\/ristorantealpino.ch\/wp-content\/uploads\/2017\/05\/ftr-double-sharedwc.jpg 356w, https:\/\/ristorantealpino.ch\/wp-content\/uploads\/2017\/05\/ftr-double-sharedwc-300x192.jpg 300w\" sizes=\"(max-width: 356px) 100vw, 356px\" \/>                            <div class=\"mask\">\n                                <div class=\"main\">\n                                    <h5>Chambre double &#8211; salle de bain partag\u00e9e<\/h5>\n                                    <div class='price'> 48.-<span>a night<\/span><\/div>                                <\/div>\n                                <div class=\"content\">\n                                                                        <p><span>Chambres rustiques et \u00e9conomiques<\/span>Chambres simples, meubl\u00e9es offrant un s\u00e9jour propre et confortable pour les familles. Lits jumeaux avec 2 lits simples suppl\u00e9mentaires disponibles. * Les prix sont en francs suisses et montrent le prix &quot;\u00e0 partir de&quot; ...<\/p>\n\n                                    <div class=\"row\">\n                                        <div class=\"col-xs-6\">\n                                            <ul class=\"list-unstyled\">\n                                                <li><i class='fa fa-check-circle'><\/i> Incl. Petit d\u00e9jeuner<\/li><li><i class='fa fa-check-circle'><\/i> Vue panoramique<\/li>                                            <\/ul>\n                                        <\/div>\n                                        <div class=\"col-xs-6\">\n                                            <ul class=\"list-unstyled\">\n                                                <li><i class='fa fa-check-circle'><\/i> Wifi gratuit<\/li><li><i class='fa fa-check-circle'><\/i> WC partag\u00e9e<\/li>                                            <\/ul>\n                                        <\/div>\n                                    <\/div>\n                                    <a href=\"https:\/\/ristorantealpino.ch\/fr\/room\/chambre-double-salle-de-bain-partagee\/\" class=\"btn btn-primary btn-block\"> Book now <\/a>\n                                <\/div>\n                            <\/div>\n                        <\/div>\n                    <\/div>\n                \n                    <!-- Room -->\n                    <br \/>\n<b>Warning<\/b>:  Attempt to read property \"ID\" on null in <b>\/home\/clients\/9f44d4246f3532ee9d0214d01de6a007\/web\/ristorantealpino\/wp-content\/plugins\/starhotel-must-install\/starhotel-must-install.php<\/b> on line <b>829<\/b><br \/>\n                    <div class=\"col-sm-4 <br \/>\n<b>Warning<\/b>:  Undefined variable $maxrooms in <b>\/home\/clients\/9f44d4246f3532ee9d0214d01de6a007\/web\/ristorantealpino\/wp-content\/plugins\/starhotel-must-install\/starhotel-must-install.php<\/b> on line <b>841<\/b><br \/>\n<br \/>\n<b>Warning<\/b>:  Undefined variable $maxrooms in <b>\/home\/clients\/9f44d4246f3532ee9d0214d01de6a007\/web\/ristorantealpino\/wp-content\/plugins\/starhotel-must-install\/starhotel-must-install.php<\/b> on line <b>841<\/b><br \/>\n\">\n                                                <div class=\"room-thumb\">\n                            <img loading=\"lazy\" decoding=\"async\" width=\"356\" height=\"228\" src=\"https:\/\/ristorantealpino.ch\/wp-content\/uploads\/2017\/05\/ftr-double-ensuite.jpg\" class=\"img-responsive wp-post-image\" alt=\"\" srcset=\"https:\/\/ristorantealpino.ch\/wp-content\/uploads\/2017\/05\/ftr-double-ensuite.jpg 356w, https:\/\/ristorantealpino.ch\/wp-content\/uploads\/2017\/05\/ftr-double-ensuite-300x192.jpg 300w\" sizes=\"(max-width: 356px) 100vw, 356px\" \/>                            <div class=\"mask\">\n                                <div class=\"main\">\n                                    <h5>Chambre double &#8211; salle de bain priv\u00e9e<\/h5>\n                                    <div class='price'> 60.-<span>a night<\/span><\/div>                                <\/div>\n                                <div class=\"content\">\n                                                                        <p><span>Chambres Alpine Style<\/span>Chambres simples, meubl\u00e9es offrant un s\u00e9jour propre et confortable pour les familles. Lits jumeaux avec 2 lits simples suppl\u00e9mentaires disponibles. * Les prix sont en francs suisses et montrent le prix &quot;\u00e0 partir de&quot; ...<\/p>\n\n                                    <div class=\"row\">\n                                        <div class=\"col-xs-6\">\n                                            <ul class=\"list-unstyled\">\n                                                <li><i class='fa fa-check-circle'><\/i> Incl. Petit d\u00e9jeuner<\/li><li><i class='fa fa-check-circle'><\/i> Vue sur les Alpes<\/li>                                            <\/ul>\n                                        <\/div>\n                                        <div class=\"col-xs-6\">\n                                            <ul class=\"list-unstyled\">\n                                                <li><i class='fa fa-check-circle'><\/i> Wifi gratuit<\/li><li><i class='fa fa-check-circle'><\/i> salle de bain priv\u00e9e<\/li>                                            <\/ul>\n                                        <\/div>\n                                    <\/div>\n                                    <a href=\"https:\/\/ristorantealpino.ch\/fr\/room\/chambre-double-salle-de-bain-privee\/\" class=\"btn btn-primary btn-block\"> Book now <\/a>\n                                <\/div>\n                            <\/div>\n                        <\/div>\n                    <\/div>\n                \n                    <!-- Room -->\n                    <br \/>\n<b>Warning<\/b>:  Attempt to read property \"ID\" on null in <b>\/home\/clients\/9f44d4246f3532ee9d0214d01de6a007\/web\/ristorantealpino\/wp-content\/plugins\/starhotel-must-install\/starhotel-must-install.php<\/b> on line <b>829<\/b><br \/>\n                    <div class=\"col-sm-4 <br \/>\n<b>Warning<\/b>:  Undefined variable $maxrooms in <b>\/home\/clients\/9f44d4246f3532ee9d0214d01de6a007\/web\/ristorantealpino\/wp-content\/plugins\/starhotel-must-install\/starhotel-must-install.php<\/b> on line <b>841<\/b><br \/>\n<br \/>\n<b>Warning<\/b>:  Undefined variable $maxrooms in <b>\/home\/clients\/9f44d4246f3532ee9d0214d01de6a007\/web\/ristorantealpino\/wp-content\/plugins\/starhotel-must-install\/starhotel-must-install.php<\/b> on line <b>841<\/b><br \/>\n\">\n                                                <div class=\"room-thumb\">\n                            <img loading=\"lazy\" decoding=\"async\" width=\"356\" height=\"228\" src=\"https:\/\/ristorantealpino.ch\/wp-content\/uploads\/2017\/05\/ftr-family-sharedwc.jpg\" class=\"img-responsive wp-post-image\" alt=\"\" srcset=\"https:\/\/ristorantealpino.ch\/wp-content\/uploads\/2017\/05\/ftr-family-sharedwc.jpg 356w, https:\/\/ristorantealpino.ch\/wp-content\/uploads\/2017\/05\/ftr-family-sharedwc-300x192.jpg 300w\" sizes=\"(max-width: 356px) 100vw, 356px\" \/>                            <div class=\"mask\">\n                                <div class=\"main\">\n                                    <h5>Chambre familiale &#8211; salle de bain partag\u00e9e<\/h5>\n                                    <div class='price'> 48.-<span>a night<\/span><\/div>                                <\/div>\n                                <div class=\"content\">\n                                                                        <p><span>Chambres rustiques et \u00e9conomiques<\/span>Chambres simples, meubl\u00e9es offrant un s\u00e9jour propre et confortable pour les familles. Lits jumeaux avec 2 lits simples suppl\u00e9mentaires disponibles. * Les prix sont en francs suisses et montrent le prix &quot;\u00e0 partir de&quot; ...<\/p>\n\n                                    <div class=\"row\">\n                                        <div class=\"col-xs-6\">\n                                            <ul class=\"list-unstyled\">\n                                                <li><i class='fa fa-check-circle'><\/i> WC partag\u00e9e<\/li><li><i class='fa fa-check-circle'><\/i> Vue panoramique<\/li>                                            <\/ul>\n                                        <\/div>\n                                        <div class=\"col-xs-6\">\n                                            <ul class=\"list-unstyled\">\n                                                <li><i class='fa fa-check-circle'><\/i> Incl. Petit d\u00e9jeuner<\/li><li><i class='fa fa-check-circle'><\/i> Wifi gratuit<\/li>                                            <\/ul>\n                                        <\/div>\n                                    <\/div>\n                                    <a href=\"https:\/\/ristorantealpino.ch\/fr\/room\/chambre-familiale-salle-de-bain-partagee\/\" class=\"btn btn-primary btn-block\"> Book now <\/a>\n                                <\/div>\n                            <\/div>\n                        <\/div>\n                    <\/div>\n                \n                    <!-- Room -->\n                    <br \/>\n<b>Warning<\/b>:  Attempt to read property \"ID\" on null in <b>\/home\/clients\/9f44d4246f3532ee9d0214d01de6a007\/web\/ristorantealpino\/wp-content\/plugins\/starhotel-must-install\/starhotel-must-install.php<\/b> on line <b>829<\/b><br \/>\n                    <div class=\"col-sm-4 <br \/>\n<b>Warning<\/b>:  Undefined variable $maxrooms in <b>\/home\/clients\/9f44d4246f3532ee9d0214d01de6a007\/web\/ristorantealpino\/wp-content\/plugins\/starhotel-must-install\/starhotel-must-install.php<\/b> on line <b>841<\/b><br \/>\n<br \/>\n<b>Warning<\/b>:  Undefined variable $maxrooms in <b>\/home\/clients\/9f44d4246f3532ee9d0214d01de6a007\/web\/ristorantealpino\/wp-content\/plugins\/starhotel-must-install\/starhotel-must-install.php<\/b> on line <b>841<\/b><br \/>\n\">\n                                                <div class=\"room-thumb\">\n                            <img loading=\"lazy\" decoding=\"async\" width=\"356\" height=\"228\" src=\"https:\/\/ristorantealpino.ch\/wp-content\/uploads\/2017\/05\/ftr-family-ensuite.jpg\" class=\"img-responsive wp-post-image\" alt=\"\" srcset=\"https:\/\/ristorantealpino.ch\/wp-content\/uploads\/2017\/05\/ftr-family-ensuite.jpg 356w, https:\/\/ristorantealpino.ch\/wp-content\/uploads\/2017\/05\/ftr-family-ensuite-300x192.jpg 300w\" sizes=\"(max-width: 356px) 100vw, 356px\" \/>                            <div class=\"mask\">\n                                <div class=\"main\">\n                                    <h5>Chambre familiale &#8211; salle de bain priv\u00e9e<\/h5>\n                                    <div class='price'> 60.-<span>a night<\/span><\/div>                                <\/div>\n                                <div class=\"content\">\n                                                                        <p><span>Chambres Alpine Style<\/span>Chambres simples, meubl\u00e9es offrant un s\u00e9jour propre et confortable pour les familles. Lits jumeaux avec 2 lits simples suppl\u00e9mentaires disponibles. * Les prix sont en francs suisses et montrent le prix &quot;\u00e0 partir de&quot; ...<\/p>\n\n                                    <div class=\"row\">\n                                        <div class=\"col-xs-6\">\n                                            <ul class=\"list-unstyled\">\n                                                <li><i class='fa fa-check-circle'><\/i> Salle de bain priv\u00e9e<\/li><li><i class='fa fa-check-circle'><\/i> Vue sur les Alpes<\/li>                                            <\/ul>\n                                        <\/div>\n                                        <div class=\"col-xs-6\">\n                                            <ul class=\"list-unstyled\">\n                                                <li><i class='fa fa-check-circle'><\/i> Incl. Petit d\u00e9jeuner<\/li><li><i class='fa fa-check-circle'><\/i> Wifi gratuit<\/li>                                            <\/ul>\n                                        <\/div>\n                                    <\/div>\n                                    <a href=\"https:\/\/ristorantealpino.ch\/fr\/room\/chambre-familiale-salle-de-bain-privee\/\" class=\"btn btn-primary btn-block\"> Book now <\/a>\n                                <\/div>\n                            <\/div>\n                        <\/div>\n                    <\/div>\n                \n                    <!-- Room -->\n                    <br \/>\n<b>Warning<\/b>:  Attempt to read property \"ID\" on null in <b>\/home\/clients\/9f44d4246f3532ee9d0214d01de6a007\/web\/ristorantealpino\/wp-content\/plugins\/starhotel-must-install\/starhotel-must-install.php<\/b> on line <b>829<\/b><br \/>\n                    <div class=\"col-sm-4 <br \/>\n<b>Warning<\/b>:  Undefined variable $maxrooms in <b>\/home\/clients\/9f44d4246f3532ee9d0214d01de6a007\/web\/ristorantealpino\/wp-content\/plugins\/starhotel-must-install\/starhotel-must-install.php<\/b> on line <b>841<\/b><br \/>\n<br \/>\n<b>Warning<\/b>:  Undefined variable $maxrooms in <b>\/home\/clients\/9f44d4246f3532ee9d0214d01de6a007\/web\/ristorantealpino\/wp-content\/plugins\/starhotel-must-install\/starhotel-must-install.php<\/b> on line <b>841<\/b><br \/>\n\">\n                                                <div class=\"room-thumb\">\n                            <img loading=\"lazy\" decoding=\"async\" width=\"356\" height=\"228\" src=\"https:\/\/ristorantealpino.ch\/wp-content\/uploads\/2017\/05\/ftr-single-sharedwc.jpg\" class=\"img-responsive wp-post-image\" alt=\"\" srcset=\"https:\/\/ristorantealpino.ch\/wp-content\/uploads\/2017\/05\/ftr-single-sharedwc.jpg 356w, https:\/\/ristorantealpino.ch\/wp-content\/uploads\/2017\/05\/ftr-single-sharedwc-300x192.jpg 300w\" sizes=\"(max-width: 356px) 100vw, 356px\" \/>                            <div class=\"mask\">\n                                <div class=\"main\">\n                                    <h5>Chambre simple &#8211; salle de bain partag\u00e9e<\/h5>\n                                    <div class='price'> 48.-<span>a night<\/span><\/div>                                <\/div>\n                                <div class=\"content\">\n                                                                        <p><span>Chambres rustiques et \u00e9conomiques<\/span>Nous avons 6 chambres de diff\u00e9rentes tailles avec une salle de bains et douche en commun sur le sol. Toutes donnent sur la place avec vue sur les montagnes environnantes.<\/p>\n\n                                    <div class=\"row\">\n                                        <div class=\"col-xs-6\">\n                                            <ul class=\"list-unstyled\">\n                                                <li><i class='fa fa-check-circle'><\/i> Incl. Petit d\u00e9jeuner<\/li><li><i class='fa fa-check-circle'><\/i> Vue panoramique<\/li>                                            <\/ul>\n                                        <\/div>\n                                        <div class=\"col-xs-6\">\n                                            <ul class=\"list-unstyled\">\n                                                <li><i class='fa fa-check-circle'><\/i> WC partag\u00e9e<\/li><li><i class='fa fa-check-circle'><\/i> Wifi gratuit<\/li>                                            <\/ul>\n                                        <\/div>\n                                    <\/div>\n                                    <a href=\"https:\/\/ristorantealpino.ch\/fr\/room\/chambre-simple-salle-de-bain-partagee\/\" class=\"btn btn-primary btn-block\"> Book now <\/a>\n                                <\/div>\n                            <\/div>\n                        <\/div>\n                    <\/div>\n                \n                    <!-- Room -->\n                    <br \/>\n<b>Warning<\/b>:  Attempt to read property \"ID\" on null in <b>\/home\/clients\/9f44d4246f3532ee9d0214d01de6a007\/web\/ristorantealpino\/wp-content\/plugins\/starhotel-must-install\/starhotel-must-install.php<\/b> on line <b>829<\/b><br \/>\n                    <div class=\"col-sm-4 <br \/>\n<b>Warning<\/b>:  Undefined variable $maxrooms in <b>\/home\/clients\/9f44d4246f3532ee9d0214d01de6a007\/web\/ristorantealpino\/wp-content\/plugins\/starhotel-must-install\/starhotel-must-install.php<\/b> on line <b>841<\/b><br \/>\n<br \/>\n<b>Warning<\/b>:  Undefined variable $maxrooms in <b>\/home\/clients\/9f44d4246f3532ee9d0214d01de6a007\/web\/ristorantealpino\/wp-content\/plugins\/starhotel-must-install\/starhotel-must-install.php<\/b> on line <b>841<\/b><br \/>\n\">\n                                                <div class=\"room-thumb\">\n                            <img loading=\"lazy\" decoding=\"async\" width=\"356\" height=\"228\" src=\"https:\/\/ristorantealpino.ch\/wp-content\/uploads\/2017\/05\/ftr-single-ensuite.jpg\" class=\"img-responsive wp-post-image\" alt=\"\" srcset=\"https:\/\/ristorantealpino.ch\/wp-content\/uploads\/2017\/05\/ftr-single-ensuite.jpg 356w, https:\/\/ristorantealpino.ch\/wp-content\/uploads\/2017\/05\/ftr-single-ensuite-300x192.jpg 300w\" sizes=\"(max-width: 356px) 100vw, 356px\" \/>                            <div class=\"mask\">\n                                <div class=\"main\">\n                                    <h5>Chambre simple &#8211; salle de bain priv\u00e9e<\/h5>\n                                    <div class='price'> 60.-<span>a night<\/span><\/div>                                <\/div>\n                                <div class=\"content\">\n                                                                        <p><span>Chambres Alpine Style<\/span>Chambres simples, meubl\u00e9es offrant un s\u00e9jour propre et confortable pour les familles. Chambre Double Usage Simple, Lits Jumeaux. * Les prix sont en francs suisses et montrent le prix &quot;\u00e0 partir de&quot; ...<\/p>\n\n                                    <div class=\"row\">\n                                        <div class=\"col-xs-6\">\n                                            <ul class=\"list-unstyled\">\n                                                <li><i class='fa fa-check-circle'><\/i> Incl. Petit d\u00e9jeuner<\/li><li><i class='fa fa-check-circle'><\/i> Vue sur les Alpes<\/li>                                            <\/ul>\n                                        <\/div>\n                                        <div class=\"col-xs-6\">\n                                            <ul class=\"list-unstyled\">\n                                                <li><i class='fa fa-check-circle'><\/i> Wifi gratuit<\/li><li><i class='fa fa-check-circle'><\/i> WC priv\u00e9e<\/li>                                            <\/ul>\n                                        <\/div>\n                                    <\/div>\n                                    <a href=\"https:\/\/ristorantealpino.ch\/fr\/room\/chambre-simple-salle-de-bain-privee\/\" class=\"btn btn-primary btn-block\"> Book now <\/a>\n                                <\/div>\n                            <\/div>\n                        <\/div>\n                    <\/div>\n                                                    \n        <\/div>\n    <\/div>\n    [\/vc_column][\/vc_row][vc_row][vc_column][vc_column_text]\n[\/vc_column_text][\/vc_column][\/vc_row][vc_row][vc_column][vc_empty_space][vc_column_text]\n<h3>Pour les r\u00e9servations, \u00e9crivez-nous \u00e0 :<\/h3>\n<h3><a href=\"mailto:alpino-sonogno@bluewin.ch\">alpino-sonogno@bluewin.ch<\/a><\/h3>\n[\/vc_column_text][\/vc_column][\/vc_row]\n<\/section>","protected":false},"excerpt":{"rendered":"<p>[vc_row][vc_column][vc_column_text]Nous sommes un petit h\u00f4tel familial avec 9 chambres; 3 avec salle de bains et 6 avec salle de bain partag\u00e9e. Nous aimons garder notre place propre et nos clients confortables et heureux. Les chambres sont toutes \u00e0 jour avec des meubles simples, en harmonie avec les styles rustiques locaux. Nous sommes souvent surcharg\u00e9s en [&hellip;]<\/p>\n","protected":false},"author":1,"featured_media":0,"parent":0,"menu_order":0,"comment_status":"closed","ping_status":"closed","template":"","meta":{"footnotes":""},"_links":{"self":[{"href":"https:\/\/ristorantealpino.ch\/fr\/wp-json\/wp\/v2\/pages\/2342"}],"collection":[{"href":"https:\/\/ristorantealpino.ch\/fr\/wp-json\/wp\/v2\/pages"}],"about":[{"href":"https:\/\/ristorantealpino.ch\/fr\/wp-json\/wp\/v2\/types\/page"}],"author":[{"embeddable":true,"href":"https:\/\/ristorantealpino.ch\/fr\/wp-json\/wp\/v2\/users\/1"}],"replies":[{"embeddable":true,"href":"https:\/\/ristorantealpino.ch\/fr\/wp-json\/wp\/v2\/comments?post=2342"}],"version-history":[{"count":7,"href":"https:\/\/ristorantealpino.ch\/fr\/wp-json\/wp\/v2\/pages\/2342\/revisions"}],"predecessor-version":[{"id":2994,"href":"https:\/\/ristorantealpino.ch\/fr\/wp-json\/wp\/v2\/pages\/2342\/revisions\/2994"}],"wp:attachment":[{"href":"https:\/\/ristorantealpino.ch\/fr\/wp-json\/wp\/v2\/media?parent=2342"}],"curies":[{"name":"wp","href":"https:\/\/api.w.org\/{rel}","templated":true}]}}