{"id":2346,"date":"2017-05-08T12:10:43","date_gmt":"2017-05-08T10:10:43","guid":{"rendered":"http:\/\/ristorantealpino.ch\/home\/"},"modified":"2017-08-07T18:04:38","modified_gmt":"2017-08-07T16:04:38","slug":"home","status":"publish","type":"page","link":"https:\/\/ristorantealpino.ch\/fr\/","title":{"rendered":"Home"},"content":{"rendered":"<section class=\"wpb-content-wrapper\">[vc_row css=&#8221;.vc_custom_1464780107818{margin-top: 50px !important;}&#8221;][vc_column][vc_column_text]Le Restaurant Alpino \u00e0 Sonogno appartient depuis 1890 \u00e0 la famille Perozzi. Depuis toujours le bien-\u00eatre de nos clients nous tient \u00e0 coeur. Nous proposons une cuisine traditionnelle privil\u00e9giant les produits locaux. Notre restaurant dispose de 3 salles pouvant accueillir jusqu&#8217;\u00e0 70 personnes et une grande terrasse pour 100 personnes. Les groupes, petits ou grands, sont les bienvenus. Nos 9 chambres, pour une capacit\u00e9 totale de 20 lits, r\u00e9pondent aux normes d&#8217;aujourd&#8217;hui.[\/vc_column_text]\n        <h2 class=\"lined-heading mt50\">\n            <span>\n            La chambre plus appr\u00e9ci\u00e9es\n            <\/span>\n        <\/h2>\n        \n    <!-- Rooms -->\n    <div class=\"rooms mt110\">\n        <div class=\"row room-list\">\n            \n                    <!-- Room -->\n                    <br \/>\n<b>Warning<\/b>:  Attempt to read property \"ID\" on null in <b>\/home\/clients\/9f44d4246f3532ee9d0214d01de6a007\/web\/ristorantealpino\/wp-content\/plugins\/starhotel-must-install\/starhotel-must-install.php<\/b> on line <b>829<\/b><br \/>\n                    <div class=\"col-sm-4 <br \/>\n<b>Warning<\/b>:  Undefined variable $maxrooms in <b>\/home\/clients\/9f44d4246f3532ee9d0214d01de6a007\/web\/ristorantealpino\/wp-content\/plugins\/starhotel-must-install\/starhotel-must-install.php<\/b> on line <b>841<\/b><br \/>\n<br \/>\n<b>Warning<\/b>:  Undefined variable $maxrooms in <b>\/home\/clients\/9f44d4246f3532ee9d0214d01de6a007\/web\/ristorantealpino\/wp-content\/plugins\/starhotel-must-install\/starhotel-must-install.php<\/b> on line <b>841<\/b><br \/>\n\">\n                                                <div class=\"room-thumb\">\n                            <img loading=\"lazy\" decoding=\"async\" width=\"356\" height=\"228\" src=\"https:\/\/ristorantealpino.ch\/wp-content\/uploads\/2017\/05\/ftr-double-ensuite.jpg\" class=\"img-responsive wp-post-image\" alt=\"\" srcset=\"https:\/\/ristorantealpino.ch\/wp-content\/uploads\/2017\/05\/ftr-double-ensuite.jpg 356w, https:\/\/ristorantealpino.ch\/wp-content\/uploads\/2017\/05\/ftr-double-ensuite-300x192.jpg 300w\" sizes=\"(max-width: 356px) 100vw, 356px\" \/>                            <div class=\"mask\">\n                                <div class=\"main\">\n                                    <h5>Chambre double &#8211; salle de bain priv\u00e9e<\/h5>\n                                    <div class='price'> 60.-<span>a night<\/span><\/div>                                <\/div>\n                                <div class=\"content\">\n                                                                        <p><span>Chambres Alpine Style<\/span>Chambres simples, meubl\u00e9es offrant un s\u00e9jour propre et confortable pour les familles. Lits jumeaux avec 2 lits simples suppl\u00e9mentaires disponibles. * Les prix sont en francs suisses et montrent le prix &quot;\u00e0 partir de&quot; ...<\/p>\n\n                                    <div class=\"row\">\n                                        <div class=\"col-xs-6\">\n                                            <ul class=\"list-unstyled\">\n                                                <li><i class='fa fa-check-circle'><\/i> Incl. Petit d\u00e9jeuner<\/li><li><i class='fa fa-check-circle'><\/i> Vue sur les Alpes<\/li>                                            <\/ul>\n                                        <\/div>\n                                        <div class=\"col-xs-6\">\n                                            <ul class=\"list-unstyled\">\n                                                <li><i class='fa fa-check-circle'><\/i> Wifi gratuit<\/li><li><i class='fa fa-check-circle'><\/i> salle de bain priv\u00e9e<\/li>                                            <\/ul>\n                                        <\/div>\n                                    <\/div>\n                                    <a href=\"https:\/\/ristorantealpino.ch\/fr\/room\/chambre-double-salle-de-bain-privee\/\" class=\"btn btn-primary btn-block\"> Book now <\/a>\n                                <\/div>\n                            <\/div>\n                        <\/div>\n                    <\/div>\n                \n                    <!-- Room -->\n                    <br \/>\n<b>Warning<\/b>:  Attempt to read property \"ID\" on null in <b>\/home\/clients\/9f44d4246f3532ee9d0214d01de6a007\/web\/ristorantealpino\/wp-content\/plugins\/starhotel-must-install\/starhotel-must-install.php<\/b> on line <b>829<\/b><br \/>\n                    <div class=\"col-sm-4 <br \/>\n<b>Warning<\/b>:  Undefined variable $maxrooms in <b>\/home\/clients\/9f44d4246f3532ee9d0214d01de6a007\/web\/ristorantealpino\/wp-content\/plugins\/starhotel-must-install\/starhotel-must-install.php<\/b> on line <b>841<\/b><br \/>\n<br \/>\n<b>Warning<\/b>:  Undefined variable $maxrooms in <b>\/home\/clients\/9f44d4246f3532ee9d0214d01de6a007\/web\/ristorantealpino\/wp-content\/plugins\/starhotel-must-install\/starhotel-must-install.php<\/b> on line <b>841<\/b><br \/>\n\">\n                                                <div class=\"room-thumb\">\n                            <img loading=\"lazy\" decoding=\"async\" width=\"356\" height=\"228\" src=\"https:\/\/ristorantealpino.ch\/wp-content\/uploads\/2017\/05\/ftr-single-ensuite.jpg\" class=\"img-responsive wp-post-image\" alt=\"\" srcset=\"https:\/\/ristorantealpino.ch\/wp-content\/uploads\/2017\/05\/ftr-single-ensuite.jpg 356w, https:\/\/ristorantealpino.ch\/wp-content\/uploads\/2017\/05\/ftr-single-ensuite-300x192.jpg 300w\" sizes=\"(max-width: 356px) 100vw, 356px\" \/>                            <div class=\"mask\">\n                                <div class=\"main\">\n                                    <h5>Chambre simple &#8211; salle de bain priv\u00e9e<\/h5>\n                                    <div class='price'> 60.-<span>a night<\/span><\/div>                                <\/div>\n                                <div class=\"content\">\n                                                                        <p><span>Chambres Alpine Style<\/span>Chambres simples, meubl\u00e9es offrant un s\u00e9jour propre et confortable pour les familles. Chambre Double Usage Simple, Lits Jumeaux. * Les prix sont en francs suisses et montrent le prix &quot;\u00e0 partir de&quot; ...<\/p>\n\n                                    <div class=\"row\">\n                                        <div class=\"col-xs-6\">\n                                            <ul class=\"list-unstyled\">\n                                                <li><i class='fa fa-check-circle'><\/i> Incl. Petit d\u00e9jeuner<\/li><li><i class='fa fa-check-circle'><\/i> Vue sur les Alpes<\/li>                                            <\/ul>\n                                        <\/div>\n                                        <div class=\"col-xs-6\">\n                                            <ul class=\"list-unstyled\">\n                                                <li><i class='fa fa-check-circle'><\/i> Wifi gratuit<\/li><li><i class='fa fa-check-circle'><\/i> WC priv\u00e9e<\/li>                                            <\/ul>\n                                        <\/div>\n                                    <\/div>\n                                    <a href=\"https:\/\/ristorantealpino.ch\/fr\/room\/chambre-simple-salle-de-bain-privee\/\" class=\"btn btn-primary btn-block\"> Book now <\/a>\n                                <\/div>\n                            <\/div>\n                        <\/div>\n                    <\/div>\n                \n                    <!-- Room -->\n                    <br \/>\n<b>Warning<\/b>:  Attempt to read property \"ID\" on null in <b>\/home\/clients\/9f44d4246f3532ee9d0214d01de6a007\/web\/ristorantealpino\/wp-content\/plugins\/starhotel-must-install\/starhotel-must-install.php<\/b> on line <b>829<\/b><br \/>\n                    <div class=\"col-sm-4 <br \/>\n<b>Warning<\/b>:  Undefined variable $maxrooms in <b>\/home\/clients\/9f44d4246f3532ee9d0214d01de6a007\/web\/ristorantealpino\/wp-content\/plugins\/starhotel-must-install\/starhotel-must-install.php<\/b> on line <b>841<\/b><br \/>\n<br \/>\n<b>Warning<\/b>:  Undefined variable $maxrooms in <b>\/home\/clients\/9f44d4246f3532ee9d0214d01de6a007\/web\/ristorantealpino\/wp-content\/plugins\/starhotel-must-install\/starhotel-must-install.php<\/b> on line <b>841<\/b><br \/>\n\">\n                                                <div class=\"room-thumb\">\n                            <img loading=\"lazy\" decoding=\"async\" width=\"356\" height=\"228\" src=\"https:\/\/ristorantealpino.ch\/wp-content\/uploads\/2017\/05\/ftr-family-sharedwc.jpg\" class=\"img-responsive wp-post-image\" alt=\"\" srcset=\"https:\/\/ristorantealpino.ch\/wp-content\/uploads\/2017\/05\/ftr-family-sharedwc.jpg 356w, https:\/\/ristorantealpino.ch\/wp-content\/uploads\/2017\/05\/ftr-family-sharedwc-300x192.jpg 300w\" sizes=\"(max-width: 356px) 100vw, 356px\" \/>                            <div class=\"mask\">\n                                <div class=\"main\">\n                                    <h5>Chambre familiale &#8211; salle de bain partag\u00e9e<\/h5>\n                                    <div class='price'> 48.-<span>a night<\/span><\/div>                                <\/div>\n                                <div class=\"content\">\n                                                                        <p><span>Chambres rustiques et \u00e9conomiques<\/span>Chambres simples, meubl\u00e9es offrant un s\u00e9jour propre et confortable pour les familles. Lits jumeaux avec 2 lits simples suppl\u00e9mentaires disponibles. * Les prix sont en francs suisses et montrent le prix &quot;\u00e0 partir de&quot; ...<\/p>\n\n                                    <div class=\"row\">\n                                        <div class=\"col-xs-6\">\n                                            <ul class=\"list-unstyled\">\n                                                <li><i class='fa fa-check-circle'><\/i> WC partag\u00e9e<\/li><li><i class='fa fa-check-circle'><\/i> Vue panoramique<\/li>                                            <\/ul>\n                                        <\/div>\n                                        <div class=\"col-xs-6\">\n                                            <ul class=\"list-unstyled\">\n                                                <li><i class='fa fa-check-circle'><\/i> Incl. Petit d\u00e9jeuner<\/li><li><i class='fa fa-check-circle'><\/i> Wifi gratuit<\/li>                                            <\/ul>\n                                        <\/div>\n                                    <\/div>\n                                    <a href=\"https:\/\/ristorantealpino.ch\/fr\/room\/chambre-familiale-salle-de-bain-partagee\/\" class=\"btn btn-primary btn-block\"> Book now <\/a>\n                                <\/div>\n                            <\/div>\n                        <\/div>\n                    <\/div>\n                                                    \n        <\/div>\n    <\/div>\n    [\/vc_column][\/vc_row][vc_row css=&#8221;.vc_custom_1464780117347{margin-top: 50px !important;}&#8221;][vc_column]\n        <h2 class=\"lined-heading mt50\">\n            <span>\n            \n            <\/span>\n        <\/h2>\n        [vc_row_inner][vc_column_inner width=&#8221;1\/4&#8243;]\n    <div class=\"usp\">\n        <div class=\"box-icon\">\n                <div class=\"circle\"><i class=\"fa fa fa-glass fa-lg\"><\/i><\/div>\n                <h3>Bar complet et caf\u00e9<\/h3>\n                <p>\n<p class=\"p1\"><span class=\"s1\">Un caf\u00e9 au style italien et une s\u00e9lection de th\u00e9s sont disponibles. Des p\u00e2tisseries et des cookies ou d&#8217;autres bonbons sont offerts en plus d&#8217;une gamme compl\u00e8te de glaces. La barre est enti\u00e8rement \u00e9quip\u00e9e avec une gamme de vins et spiritueux.<\/span><\/p>\n<p><a href=\"http:\/\/ristorantealpino.ch\/fr\/restaurant-et-bar\/\">En savoir plus<\/a><\/p>\n        <\/div>\n    <\/div>\n    [\/vc_column_inner][vc_column_inner width=&#8221;1\/4&#8243;]\n    <div class=\"usp\">\n        <div class=\"box-icon\">\n                <div class=\"circle\"><i class=\"fa fa fa-bed fa-lg\"><\/i><\/div>\n                <h3>Chambres meubl\u00e9es de fa\u00e7on traditionnelle<\/h3>\n                <p>\n<p class=\"p1\"><span class=\"s1\">Les chambres meubl\u00e9es de fa\u00e7on traditionnelle donnent sur les montagnes. Les salles de bains sont priv\u00e9es ou partag\u00e9es. Un petit-d\u00e9jeuner de base est inclus, des articles suppl\u00e9mentaires peuvent \u00eatre fournis moyennant un suppl\u00e9ment. Une connexion Wi-Fi gratuite est disponible dans les parties communes.<\/span><\/p>\n<p><a href=\"http:\/\/ristorantealpino.ch\/fr\/chambres\/\">En savoir plus<\/a><\/p>\n        <\/div>\n    <\/div>\n    [\/vc_column_inner][vc_column_inner width=&#8221;1\/4&#8243;]\n    <div class=\"usp\">\n        <div class=\"box-icon\">\n                <div class=\"circle\"><i class=\"fa fa fa-cutlery fa-lg\"><\/i><\/div>\n                <h3>Restaurant familial<\/h3>\n                <p>\n<p class=\"p1\"><span class=\"s1\">Depuis 1890, la famille Perozzi poss\u00e8de et exploite le restaurant Alpino \u00e0 Sonogno. Le restaurant dispose de trois salles \u00e0 manger pouvant accueillir jusqu&#8217;\u00e0 70 personnes et une terrasse pour 100 personnes. Toute taille de groupe est plus que bienvenue.<\/span><\/p>\n<p><a href=\"http:\/\/ristorantealpino.ch\/fr\/restaurant-et-bar\/\">En savoir plus<\/a><\/p>\n        <\/div>\n    <\/div>\n    [\/vc_column_inner][vc_column_inner width=&#8221;1\/4&#8243;]\n    <div class=\"usp\">\n        <div class=\"box-icon\">\n                <div class=\"circle\"><i class=\"fa fa fa-tint fa-lg\"><\/i><\/div>\n                <h3>Belle vue sur la montagne<\/h3>\n                <p>\n<p class=\"p1\"><span class=\"s1\">La rivi\u00e8re Verzasca jaillit sous les sommets qui surplombent Sonogno et parcourt la vall\u00e9e homonyme jusqu\u2019\u00e0 la bifurcation de Corippo, o\u00f9 elle se jette dans le lac artificiel. Ses eaux limpides couleur \u00e9meraude et l\u2019environnement naturel sauvage qui l\u2019entoure en font une destination tr\u00e8s appr\u00e9ci\u00e9e l\u2019\u00e9t\u00e9.<\/span><\/p>\n<p><a href=\"http:\/\/ristorantealpino.ch\/fr\/localisation-et-activites\/\">En savoir plus<\/a><\/p>\n        <\/div>\n    <\/div>\n    [\/vc_column_inner][\/vc_row_inner][\/vc_column][\/vc_row][vc_row full_width=&#8221;stretch_row_content_no_spaces&#8221; css=&#8221;.vc_custom_1464780134072{margin-top: 50px !important;}&#8221;][vc_column]\n<script type=\"text\/javascript\">jQuery(document).ready(function(){jQuery(\"#parallax-image\").parallax(\"50%\", -0.25);});<\/script>\n<div class=\"parallax-effect\">\n  <div id=\"parallax-image\" style=\"background-image: url(https:\/\/ristorantealpino.ch\/wp-content\/uploads\/2017\/05\/home-parallax-image.png);\">\n    <div class=\"color-overlay fadeIn appear\" data-start=\"600\">\n      <div class=\"container\">\n        <div class=\"content\">\n          <h3 class=\"text-center\">Valle Verzasca <\/h3>\n          <p class=\"text-center\">Une destination exceptionnelle pour vos vacances \n          <br>\n          <a class=\"btn mt30 btn-lg btn-ghost\" href=\"http:\/\/prova.ristorantealpino.ch\/fr\/gallerie\/\">visiter la galerie de photos<\/a>\n          <\/p>\n        <\/div>\n      <\/div>\n    <\/div>\n  <\/div>\n<\/div>\n  [\/vc_column][\/vc_row][vc_row css=&#8221;.vc_custom_1464780153190{margin-top: 50px !important;}&#8221;][vc_column]\n        <h2 class=\"lined-heading mt50\">\n            <span>\n            Galerie\n            <\/span>\n        <\/h2>\n        [\/vc_column][\/vc_row][vc_row full_width=&#8221;stretch_row_content_no_spaces&#8221;][vc_column]<div class=\"carousel\">\n    <div id=\"owl-gallery\" class=\"owl-carousel\">\n       <div class=\"item mfp_open\"><a href=\"https:\/\/ristorantealpino.ch\/wp-content\/uploads\/2017\/05\/ristorantealpino_galleria_6.jpg\"><img decoding=\"async\" src=\"https:\/\/ristorantealpino.ch\/wp-content\/uploads\/2017\/05\/ristorantealpino_galleria_6.jpg\"\/><i class=\"fa fa-search\"><\/i><\/a><\/div>    <div class=\"item mfp_open\"><a href=\"https:\/\/ristorantealpino.ch\/wp-content\/uploads\/2017\/05\/ristorantealpino_galleria_5.jpg\"><img decoding=\"async\" src=\"https:\/\/ristorantealpino.ch\/wp-content\/uploads\/2017\/05\/ristorantealpino_galleria_5.jpg\"\/><i class=\"fa fa-search\"><\/i><\/a><\/div>    <div class=\"item mfp_open\"><a href=\"https:\/\/ristorantealpino.ch\/wp-content\/uploads\/2017\/05\/ristorantealpino_galleria_4.jpg\"><img decoding=\"async\" src=\"https:\/\/ristorantealpino.ch\/wp-content\/uploads\/2017\/05\/ristorantealpino_galleria_4.jpg\"\/><i class=\"fa fa-search\"><\/i><\/a><\/div>    <div class=\"item mfp_open\"><a href=\"https:\/\/ristorantealpino.ch\/wp-content\/uploads\/2017\/05\/ristorantealpino_galleria_3.jpg\"><img decoding=\"async\" src=\"https:\/\/ristorantealpino.ch\/wp-content\/uploads\/2017\/05\/ristorantealpino_galleria_3.jpg\"\/><i class=\"fa fa-search\"><\/i><\/a><\/div>    <div class=\"item mfp_open\"><a href=\"https:\/\/ristorantealpino.ch\/wp-content\/uploads\/2017\/05\/ristorantealpino_galleria_2.jpg\"><img decoding=\"async\" src=\"https:\/\/ristorantealpino.ch\/wp-content\/uploads\/2017\/05\/ristorantealpino_galleria_2.jpg\"\/><i class=\"fa fa-search\"><\/i><\/a><\/div>    <div class=\"item mfp_open\"><a href=\"https:\/\/ristorantealpino.ch\/wp-content\/uploads\/2017\/05\/ristorantealpino_galleria_1.jpg\"><img decoding=\"async\" src=\"https:\/\/ristorantealpino.ch\/wp-content\/uploads\/2017\/05\/ristorantealpino_galleria_1.jpg\"\/><i class=\"fa fa-search\"><\/i><\/a><\/div>     <\/div>\n<\/div>\n[\/vc_column][\/vc_row][vc_row css=&#8221;.vc_custom_1464780159970{margin-top: 25px !important;}&#8221;][vc_column offset=&#8221;vc_col-lg-6 vc_col-md-12&#8243;]\n        <h2 class=\"lined-heading mt50\">\n            <span>\n            Avis:\n            <\/span>\n        <\/h2>\n        \n\n    <div class=\"testimonials\">\n        <div id=\"owl-reviews\" class=\"owl-carousel\">\n          <div class=\"item\">\n            <div class=\"row\">\n              <div class=\"col-lg-3 col-md-4 col-sm-2 col-xs-12\"> <img decoding=\"async\" src=\"https:\/\/ristorantealpino.ch\/wp-content\/uploads\/2017\/05\/fr1.jpg\" alt=\"Review 1\" class=\"img-circle\" \/><\/div>              <div class=\"col-lg-9 col-md-8 col-sm-10 col-xs-12\">                <div class=\"text-balloon\">Endroit tr\u00e8s sympathique - Nous nous sommes rendus un peu par hasard, dans ce restaurant. La dame qui y servait \u00e9tait tr\u00e8s sympathique et s&#039;est donn\u00e9 la peine de parler fran\u00e7ais. Le repas que nous avons pris \u00e9tait tr\u00e8s bon (une soupe, une assiette de fromage et un plateau tessinois). <span>pernette12 - Suisse<\/span> <\/div>\n              <\/div>\n            <\/div>\n            <div class=\"row\">\n              <div class=\"col-lg-3 col-md-4 col-sm-2 col-xs-12\"> <img decoding=\"async\" src=\"https:\/\/ristorantealpino.ch\/wp-content\/uploads\/2017\/05\/fr2.jpg\" alt=\"Review 2\" class=\"img-circle\" \/><\/div>              <div class=\"col-lg-9 col-md-8 col-sm-10 col-xs-12\">                <div class=\"text-balloon\">Sympa, bel emplacement - Nous avons s\u00e9journ\u00e9 deux nuits dans cet h\u00f4tel. Le cadre est chouette, l&#039;accueil et le service aussi. Nous avons aussi pris le repas du soir, tr\u00e8s bien. La chambre \u00e9tait calme et propre. Je recommande cet h\u00f4tel, id\u00e9al pour faire des ballades.<span>Fred L - Lausanne, Switzerland<\/span> <\/div>\n              <\/div>\n            <\/div>\n          <\/div>\n          <div class=\"item\">\n            <div class=\"row\">\n              <div class=\"col-lg-3 col-md-4 col-sm-2 col-xs-12\"> <img decoding=\"async\" src=\"https:\/\/ristorantealpino.ch\/wp-content\/uploads\/2017\/05\/fr3.png\" alt=\"Review 3\" class=\"img-circle\" \/><\/div>              <div class=\"col-lg-9 col-md-8 col-sm-10 col-xs-12\">                <div class=\"text-balloon\">Petit h\u00f4tel sympa au couer des montagnes \u00bb L&#039;amabilit\u00e9 du personnel, et leurs connaissance des langues. La flexibilit\u00e9 il est possible de manger jusqu&#039;\u00e0 21h environ.<span>Serge, Suisse<\/span> <\/div>\n              <\/div>\n            <\/div>\n            <div class=\"row\">\n              <div class=\"col-lg-3 col-md-4 col-sm-2 col-xs-12\"> <img decoding=\"async\" src=\"https:\/\/ristorantealpino.ch\/wp-content\/uploads\/2017\/05\/fr4.png\" alt=\"Review 4\" class=\"img-circle\" \/><\/div>              <div class=\"col-lg-9 col-md-8 col-sm-10 col-xs-12\">                <div class=\"text-balloon\">\u00e7a vaut le d\u00e9tour ! \u00bb Tr\u00e8s bel endroit ; personnel tr\u00e8s agr\u00e9able ; comfortable ; tr\u00e8s bon march\u00e9, surtout pour la suisse !<span>James, Kenya<\/span> <\/div>\n              <\/div>\n            <\/div>\n          <\/div>\n\n        <\/div>\n    <\/div>\n    [\/vc_column][vc_column offset=&#8221;vc_col-lg-6 vc_col-md-12&#8243;]\n        <h2 class=\"lined-heading mt50\">\n            <span>\n            Contactez-nous:\n            <\/span>\n        <\/h2>\n        [dhvc_form id=&#8221;2505&#8243;][\/vc_column][\/vc_row]\n<\/section>","protected":false},"excerpt":{"rendered":"<p>[vc_row css=&#8221;.vc_custom_1464780107818{margin-top: 50px !important;}&#8221;][vc_column][vc_column_text]Le Restaurant Alpino \u00e0 Sonogno appartient depuis 1890 \u00e0 la famille Perozzi. Depuis toujours le bien-\u00eatre de nos clients nous tient \u00e0 coeur. Nous proposons une cuisine traditionnelle privil\u00e9giant les produits locaux. Notre restaurant dispose de 3 salles pouvant accueillir jusqu&#8217;\u00e0 70 personnes et une grande terrasse pour 100 personnes. Les groupes, [&hellip;]<\/p>\n","protected":false},"author":1,"featured_media":0,"parent":0,"menu_order":0,"comment_status":"closed","ping_status":"open","template":"page-slider-reservation.php","meta":{"footnotes":""},"_links":{"self":[{"href":"https:\/\/ristorantealpino.ch\/fr\/wp-json\/wp\/v2\/pages\/2346"}],"collection":[{"href":"https:\/\/ristorantealpino.ch\/fr\/wp-json\/wp\/v2\/pages"}],"about":[{"href":"https:\/\/ristorantealpino.ch\/fr\/wp-json\/wp\/v2\/types\/page"}],"author":[{"embeddable":true,"href":"https:\/\/ristorantealpino.ch\/fr\/wp-json\/wp\/v2\/users\/1"}],"replies":[{"embeddable":true,"href":"https:\/\/ristorantealpino.ch\/fr\/wp-json\/wp\/v2\/comments?post=2346"}],"version-history":[{"count":17,"href":"https:\/\/ristorantealpino.ch\/fr\/wp-json\/wp\/v2\/pages\/2346\/revisions"}],"predecessor-version":[{"id":2953,"href":"https:\/\/ristorantealpino.ch\/fr\/wp-json\/wp\/v2\/pages\/2346\/revisions\/2953"}],"wp:attachment":[{"href":"https:\/\/ristorantealpino.ch\/fr\/wp-json\/wp\/v2\/media?parent=2346"}],"curies":[{"name":"wp","href":"https:\/\/api.w.org\/{rel}","templated":true}]}}