{"id":2375,"date":"2017-05-08T13:13:59","date_gmt":"2017-05-08T11:13:59","guid":{"rendered":"http:\/\/ristorantealpino.ch\/localisation-et-activites\/"},"modified":"2017-05-08T15:51:10","modified_gmt":"2017-05-08T13:51:10","slug":"localisation-et-activites","status":"publish","type":"page","link":"https:\/\/ristorantealpino.ch\/fr\/localisation-et-activites\/","title":{"rendered":"La Zone|Quoi Fare"},"content":{"rendered":"<section class=\"wpb-content-wrapper\">[vc_row][vc_column][vc_column_text]Sonogno, dernier village de la Verzasca pr\u00e9sente un centre bien conserv\u00e9 avec maisons et ruelles caract\u00e9ristiques. Sur la placette, une habitation typique de la Verzasca, la maison ex Genardini, si\u00e8ge du Mus\u00e9e de Verzasca. Tout pr\u00e8s, un vieux four \u00e0 pain, encore utilis\u00e9. Dans la partie haute du centre, sur une maison rustique, une peinture murale repr\u00e9sentant le Jugement Universel, d\u2019auteur inconnu et remontant au 16\u00e8me.<br \/>\nA l\u2019entr\u00e9e du village, une peinture de la Madone prot\u00e9geant le village, en bas de la fresque.  (<a href=\"http:\/\/www.ticino.ch\/en\/commons\/details\/Hamlet-of-Sonogno\/2722.html\">Ticino Tourism<\/a>) [\/vc_column_text][\/vc_column][\/vc_row][vc_row][vc_column][vc_column_text]<iframe loading=\"lazy\" style=\"border: 0;\" src=\"https:\/\/www.google.com\/maps\/embed?pb=!1m0!3m2!1sen!2sus!4v1487333923229!6m8!1m7!1suDMpLghL4qMAAAQvPHkR2Q!2m2!1d46.35019097851004!2d8.787062096017962!3f26.57384194318946!4f13.37579963220773!5f0.7820865974627469\" width=\"100%\" height=\"600\" frameborder=\"0\" allowfullscreen=\"allowfullscreen\"><\/iframe>[\/vc_column_text][\/vc_column][\/vc_row][vc_row][vc_column width=&#8221;1\/3&#8243;][\/vc_column][vc_column width=&#8221;2\/3&#8243;][vc_column_text]La rivi\u00e8re Verzasca jaillit sous les sommets qui surplombent Sonogno et parcourt la vall\u00e9e homonyme jusqu\u2019\u00e0 la bifurcation de Corippo, o\u00f9 elle se jette dans le lac artificiel. Ses eaux limpides couleur \u00e9meraude et l\u2019environnement naturel sauvage qui l\u2019entoure en font une destination tr\u00e8s appr\u00e9ci\u00e9e l\u2019\u00e9t\u00e9; les endroits avec les eaux plus tranquilles se transforment alors en agr\u00e9ables piscines en plein air et les rives, surtout autour de Lavertezzo, se peuplent de baigneurs. Un vrai joyau dans la nature sauvage de cette vall\u00e9e, un paradis pour les plongeurs. Attention et prudence sont indispensables!<br \/>\n(Ticinotopten.ch)<br \/>\n[\/vc_column_text][\/vc_column][\/vc_row][vc_row][vc_column][vc_column_text]Du printemps \u00e0 l\u2019automne, le Tessin offre un vaste r\u00e9seau de promenades relaxantes le long du lac, de randonn\u00e9es plus techniques dans les Alpes, d\u2019itin\u00e9raires qui d\u00e9bordent de tr\u00e9sors artistiques et culturels et d\u2019excursions gastronomiques entre vignobles et alpages.<\/p>\n<p>Marcher est un acte spontan\u00e9 et naturel, \u00e0 la port\u00e9e de tout un chacun, que nous pratiquons cependant de moins en moins. Le walking est une activit\u00e9 \u00e0 la fois ancienne et nouvelle, qui consiste \u00e0 marcher pour purifier l\u2019esprit et le corps. C\u2019est la base m\u00eame de tous les exercices de bien-\u00eatre. En Am\u00e9rique, on a red\u00e9couvert ses vertus dans la lutte contre le stress. Ce sport ne pr\u00e9sente ni risques ni contre-indications; le walking ne n\u00e9cessite aucune pr\u00e9paration sp\u00e9ciale, pour le pratiquer il suffit d\u2019une bonne paire de chaussures, de v\u00eatements en fibre naturelle et c\u2019est parti! Le Tessin est id\u00e9al pour cette activit\u00e9. Tous les circuits sont signalis\u00e9s par des panneaux officiels. Au d\u00e9part, une pancarte indique le parcours \u00e0 suivre, dont elle confirme la certification et l\u2019ann\u00e9e de v\u00e9rification. Des itin\u00e9raires existent un peu partout: \u00e0 Locarno, \u00e0 Bellinzona, \u00e0 Lugano et dans les vall\u00e9es.<\/p>\n<p>Le canyonisme est une nouvelle discipline sportive qui consiste en une descente faite \u00e0 pied de tron\u00e7ons impraticables de torrents de montagne. Les obstacles du parcours sont form\u00e9s de toboggans naturels, de puits, de cascades et sont franchis \u00e0 l&#8217;aide de cordes, par des plongeons, des glissades ou des passages d&#8217;alpinisme en descente.<\/p>\n<p>En raison de sa facilit\u00e9 d&#8217;acc\u00e8s, de la vari\u00e9t\u00e9 des passages et de son caract\u00e8re convivial, l&#8217;escalade sur bloc est une activit\u00e9 de plein air id\u00e9ale pour le teambuilding mais aussi m\u00eame pour les familles. En gardant bien s\u00fbr \u00e0 l&#8217;esprit que sa pratique peut \u00eatre dangereuse si on n\u00e9glige les principes de s\u00e9curit\u00e9 de base.<\/p>\n<p>Adr\u00e9naline pure<br \/>\nTestez et d\u00e9fiez vos limites avec le saut \u00e0 l&#8217;\u00e9lastique du haut du barrage du Val Verzasca.<br \/>\nUn saut dans le vide d\u2019une hauteur de 220 m: le plus haut du monde!<br \/>\nVous vivrez une exp\u00e9rience unique et incroyable: 7,5 secondes de pure adr\u00e9naline dans un cadre inoubliable entre bois, lac et ciel. C\u2019est justement au Tessin que l\u2019agent 007 (Pierce Brosnan) dans le film GoldenEye, a effectu\u00e9 son c\u00e9l\u00e8bre vol!<br \/>\nSelon un sondage \u00e0 l&#8217;\u00e9chelle mondiale, c&#8217;est la meilleure sc\u00e8ne de cascade de l&#8217;histoire du cin\u00e9ma: le saut d&#8217;une hauteur de 220 m\u00e8tres effectu\u00e9 par James Bond depuis le mur du barrage de la Verzasca dans le film &#8220;GoldenEye&#8221;. Les amateurs de sensations fortes peuvent l&#8217;imiter en s&#8217;essayant au &#8220;saut 007&#8221; ou &#8220;GoldenEye bungy jump&#8221; au lac de Vogorno.<\/p>\n<p>Ski de fond en hiver &#8211; Tennis en \u00e9t\u00e9 au Sport Center de Sonogno[\/vc_column_text][\/vc_column][\/vc_row]\n<\/section>","protected":false},"excerpt":{"rendered":"<p>[vc_row][vc_column][vc_column_text]Sonogno, dernier village de la Verzasca pr\u00e9sente un centre bien conserv\u00e9 avec maisons et ruelles caract\u00e9ristiques. Sur la placette, une habitation typique de la Verzasca, la maison ex Genardini, si\u00e8ge du Mus\u00e9e de Verzasca. Tout pr\u00e8s, un vieux four \u00e0 pain, encore utilis\u00e9. Dans la partie haute du centre, sur une maison rustique, une peinture [&hellip;]<\/p>\n","protected":false},"author":1,"featured_media":0,"parent":0,"menu_order":0,"comment_status":"closed","ping_status":"closed","template":"","meta":{"footnotes":""},"_links":{"self":[{"href":"https:\/\/ristorantealpino.ch\/fr\/wp-json\/wp\/v2\/pages\/2375"}],"collection":[{"href":"https:\/\/ristorantealpino.ch\/fr\/wp-json\/wp\/v2\/pages"}],"about":[{"href":"https:\/\/ristorantealpino.ch\/fr\/wp-json\/wp\/v2\/types\/page"}],"author":[{"embeddable":true,"href":"https:\/\/ristorantealpino.ch\/fr\/wp-json\/wp\/v2\/users\/1"}],"replies":[{"embeddable":true,"href":"https:\/\/ristorantealpino.ch\/fr\/wp-json\/wp\/v2\/comments?post=2375"}],"version-history":[{"count":5,"href":"https:\/\/ristorantealpino.ch\/fr\/wp-json\/wp\/v2\/pages\/2375\/revisions"}],"predecessor-version":[{"id":2413,"href":"https:\/\/ristorantealpino.ch\/fr\/wp-json\/wp\/v2\/pages\/2375\/revisions\/2413"}],"wp:attachment":[{"href":"https:\/\/ristorantealpino.ch\/fr\/wp-json\/wp\/v2\/media?parent=2375"}],"curies":[{"name":"wp","href":"https:\/\/api.w.org\/{rel}","templated":true}]}}