{"id":2382,"date":"2017-05-08T13:14:23","date_gmt":"2017-05-08T11:14:23","guid":{"rendered":"http:\/\/ristorantealpino.ch\/restaurant-et-bar\/"},"modified":"2017-05-08T15:51:37","modified_gmt":"2017-05-08T13:51:37","slug":"restaurant-et-bar","status":"publish","type":"page","link":"https:\/\/ristorantealpino.ch\/fr\/restaurant-et-bar\/","title":{"rendered":"Restaurant|Bar"},"content":{"rendered":"<section class=\"wpb-content-wrapper\">[vc_row][vc_column width=&#8221;3\/4&#8243;][vc_column_text]Le Restaurant Alpino \u00e0 Sonogno appartient depuis 1890 \u00e0 la famille Perozzi.<br \/>\nDepuis toujours le bien-\u00eatre de nos clients nous tient \u00e0 coeur.<br \/>\nNous proposons une cuisine traditionnelle privil\u00e9giant les produits locaux.<br \/>\nNotre restaurant dispose de 3 salles pouvant accueillir jusqu&#8217;\u00e0 70 personnes et une grande terrasse pour 100 personnes. Les groupes, petits ou grands, sont les bienvenus.<br \/>\nNos 9 chambres, pour une capacit\u00e9 totale de 20 lits, r\u00e9pondent aux normes d&#8217;aujourd&#8217;hui. [\/vc_column_text][\/vc_column][vc_column width=&#8221;1\/4&#8243;][vc_raw_html]PGRpdiBpZD0iVEFfc2VsZnNlcnZlcHJvcDUzNSIgY2xhc3M9IlRBX3NlbGZzZXJ2ZXByb3AiPg0KPHVsIGlkPSJ1dGQ3Y25wYiIgY2xhc3M9IlRBX2xpbmtzIEhhYWR3WFJhak4iPg0KPGxpIGlkPSJnbjhTYmhadyIgY2xhc3M9ImJhZ3BGR0wiPg0KPGEgdGFyZ2V0PSJfYmxhbmsiIGhyZWY9Imh0dHBzOi8vd3d3LnRyaXBhZHZpc29yLmNvbS8iPjxpbWcgc3JjPSJodHRwczovL3d3dy50cmlwYWR2aXNvci5jb20vaW1nL2Nkc2kvaW1nMi9icmFuZGluZy8xNTBfbG9nby0xMTkwMC0yLnBuZyIgYWx0PSJUcmlwQWR2aXNvciIvPjwvYT4NCjwvbGk+DQo8L3VsPg0KPC9kaXY+DQo8c2NyaXB0IHNyYz0iaHR0cHM6Ly93d3cuanNjYWNoZS5jb20vd2Vqcz93dHlwZT1zZWxmc2VydmVwcm9wJmFtcDt1bmlxPTUzNSZhbXA7bG9jYXRpb25JZD0zMzMzNjIzJmFtcDtsYW5nPWVuX1VTJmFtcDtyYXRpbmc9dHJ1ZSZhbXA7bnJldmlld3M9NSZhbXA7d3JpdGVyZXZpZXdsaW5rPXRydWUmYW1wO3BvcElkeD10cnVlJmFtcDtpc3dpZGU9ZmFsc2UmYW1wO2JvcmRlcj10cnVlJmFtcDtkaXNwbGF5X3ZlcnNpb249MiI+PC9zY3JpcHQ+DQo=[\/vc_raw_html][\/vc_column][\/vc_row][vc_row][vc_column][vc_column_text]<iframe loading=\"lazy\" style=\"border: 0;\" src=\"https:\/\/www.google.com\/maps\/embed?pb=!1m0!3m2!1sen!2sus!4v1487333759016!6m8!1m7!1s59hq4Gf-CLgAAAQvPHxi8g!2m2!1d46.35029408712868!2d8.787166085387298!3f56.50480513881648!4f-23.39617148835505!5f0.7820865974627469\" width=\"100%\" height=\"600\" frameborder=\"0\" allowfullscreen=\"allowfullscreen\"><\/iframe>[\/vc_column_text][\/vc_column][\/vc_row]\n<\/section>","protected":false},"excerpt":{"rendered":"<p>[vc_row][vc_column width=&#8221;3\/4&#8243;][vc_column_text]Le Restaurant Alpino \u00e0 Sonogno appartient depuis 1890 \u00e0 la famille Perozzi. Depuis toujours le bien-\u00eatre de nos clients nous tient \u00e0 coeur. Nous proposons une cuisine traditionnelle privil\u00e9giant les produits locaux. Notre restaurant dispose de 3 salles pouvant accueillir jusqu&#8217;\u00e0 70 personnes et une grande terrasse pour 100 personnes. Les groupes, petits ou [&hellip;]<\/p>\n","protected":false},"author":1,"featured_media":0,"parent":0,"menu_order":0,"comment_status":"closed","ping_status":"closed","template":"","meta":{"footnotes":""},"_links":{"self":[{"href":"https:\/\/ristorantealpino.ch\/fr\/wp-json\/wp\/v2\/pages\/2382"}],"collection":[{"href":"https:\/\/ristorantealpino.ch\/fr\/wp-json\/wp\/v2\/pages"}],"about":[{"href":"https:\/\/ristorantealpino.ch\/fr\/wp-json\/wp\/v2\/types\/page"}],"author":[{"embeddable":true,"href":"https:\/\/ristorantealpino.ch\/fr\/wp-json\/wp\/v2\/users\/1"}],"replies":[{"embeddable":true,"href":"https:\/\/ristorantealpino.ch\/fr\/wp-json\/wp\/v2\/comments?post=2382"}],"version-history":[{"count":4,"href":"https:\/\/ristorantealpino.ch\/fr\/wp-json\/wp\/v2\/pages\/2382\/revisions"}],"predecessor-version":[{"id":2415,"href":"https:\/\/ristorantealpino.ch\/fr\/wp-json\/wp\/v2\/pages\/2382\/revisions\/2415"}],"wp:attachment":[{"href":"https:\/\/ristorantealpino.ch\/fr\/wp-json\/wp\/v2\/media?parent=2382"}],"curies":[{"name":"wp","href":"https:\/\/api.w.org\/{rel}","templated":true}]}}