{"id":2336,"date":"2017-05-08T12:01:55","date_gmt":"2017-05-08T10:01:55","guid":{"rendered":"http:\/\/ristorantealpino.ch\/luogo-e-attivita\/"},"modified":"2017-05-08T12:01:56","modified_gmt":"2017-05-08T10:01:56","slug":"luogo-e-attivita","status":"publish","type":"page","link":"https:\/\/ristorantealpino.ch\/it\/luogo-e-attivita\/","title":{"rendered":"Luogo e Attivit\u00e1"},"content":{"rendered":"<section class=\"wpb-content-wrapper\">[vc_row][vc_column][vc_column_text]Sonogno, ultimo villaggio della Valle Verzasca, presenta un nucleo ben conservato con case e viuzze caratteristiche. Sulla piazzetta una tipica casa d&#8217;abitazione verzaschese, la casa ex Genardini, sede del museo verzaschese. Poco lontano un vecchio forno per il pane, ancora in uso. Nella parte alta del nucleo, posto su una casa rustica, un dipinto murale raffigurante il Giudizio universale, di autore ignoto e risalente al &#8216;700.<br \/>\nAll&#8217;entrata del paese su di una casa un dipinto della Madonna quasi a protezione del villaggio, raffigurato in basso nell&#8217;affresco. [\/vc_column_text][\/vc_column][\/vc_row][vc_row][vc_column][vc_column_text]<iframe loading=\"lazy\" style=\"border: 0;\" src=\"https:\/\/www.google.com\/maps\/embed?pb=!1m0!3m2!1sen!2sus!4v1487333923229!6m8!1m7!1suDMpLghL4qMAAAQvPHkR2Q!2m2!1d46.35019097851004!2d8.787062096017962!3f26.57384194318946!4f13.37579963220773!5f0.7820865974627469\" width=\"100%\" height=\"600\" frameborder=\"0\" allowfullscreen=\"allowfullscreen\"><\/iframe>[\/vc_column_text][\/vc_column][\/vc_row][vc_row][vc_column width=&#8221;1\/3&#8243;][\/vc_column][vc_column width=&#8221;2\/3&#8243;][vc_column_text]\n<p style=\"text-align: justify;\"><em>Il fiume Verzasca nasce sulle vette sopra Sonogno e percorre l\u2019omonima valle fino al bivio di Corippo, dove si getta nel lago artificiale. Le sue acque limpide di color smeraldo e l\u2019ambiente naturale incontaminato che lo circonda ne fanno una meta molto apprezzata nella stagione estiva, quando i punti con le acque pi\u00f9 tranquille si trasformano in invitanti piscine all\u2019aria aperta e le rive, soprattutto nella zona di Lavertezzo, si riempiono di bagnanti. Un vero gioiello nella natura selvaggia di questa valle, un paradiso per gli appassionati di immersioni subacquee. Attenzione e prudenza indispensabili!<br \/>\n (Ticinotopten.ch)<br \/>\n<\/em><\/p>\n[\/vc_column_text][\/vc_column][\/vc_row][vc_row][vc_column][vc_column_text]Dalla primavera all&#8217;autunno, in Ticino non mancano le rilassanti passeggiate in riva ai laghi, i percorsi alpini pi\u00f9 impegnativi, gli itinerari artistici e culturali e le escursioni gastronomiche tra vigneti e alpeggi.<\/p>\n<p>Il walking \u00e8 una pratica nuova ma allo stesso tempo antica. Riprendere a passeggiare, per depurare mente e corpo dalle scorie della quotidianit\u00e0. E\u2019 alla base di tutta l\u2019attivit\u00e0 fitness. Oltre oceano ne hanno riscoperto i benefici nella lotta allo stress. Non ci sono rischi e controindicazioni; per iniziare a praticare il walking non c\u2019\u00e8 bisogno di una preparazione particolare: scarpe buone, tessuti in fibra naturale e via. In Ticino c\u2019\u00e8 l\u2019humus ideale per abbracciare questo sport. Tutti i percorsi sono segnalati con cartelli direzionali ufficiali; alla partenza un pannello identifica il tracciato e ne attesta l\u2019avvenuta certificazione con l\u2019anno di verifica. Gli itinerari sono dislocati ovunque: nel Locarnese, nel Luganese, attorno a Bellinzona, e nelle valli.<\/p>\n<p>Canyoning &#8211; la parola magica per esperienze intense. Una frizzante, vivace avventura che vi lascer\u00e0 mozzafiato! Un&#8217; esperienza di gruppo che vi porter\u00e0 a scoprire valli discoste, dove l&#8217;acqua per millenni ha modellato la natura.<\/p>\n<p>Unitamente alla facilit\u00e0 di accesso e alla variet\u00e0 dei passaggi, la convivialit\u00e0 che si crea alla base dei blocchi e durante le salite, fa s\u00ec che il bouldering sia un&#8217;attivit\u00e0 outdoor ideale per gruppi, attivit\u00e0 di teambuilding, ma anche per famiglie&#8230; sempre ricordandosi che rimane un&#8217;attivit\u00e0 potenzialmente pericolosa se non si rispettano i principi minimi di sicurezza.<\/p>\n<p>Adrenalina pura!<\/p>\n<p>Avrete la possibilit\u00e0 di provare l&#8217;emozione di un lancio da una delle dighe pi\u00f9 alte d&#8217;Europa con il bungee jumping.<br \/>\nQuesto \u00e8 possibile in Val Verzasca, dall&#8217;altezza di 220 m, dove sono state girate le scene del famoso film di James Bond, &#8220;GoldenEye&#8221; con Pierce Brosnan.<br \/>\nIn base a sondaggi mondiali si \u00e8 trattato della miglior scena stunt della storia del cinema: il salto di Bond dall&#8217;alto dei 220 metri della diga del Verzasca nel film &#8220;GoldenEye&#8221;. Salto di 007 o bungee jumping di GoldenEye sono i nomi con cui si \u00e8 battezzato il solenne colpo di adrenalina che si pu\u00f2 provare sul Lago di Vogorno.<\/p>\n<p>Sci di fondo in inverno &#8211; Tennis in estate presso il Centro sportivo di Sonogno[\/vc_column_text][\/vc_column][\/vc_row]\n<\/section>","protected":false},"excerpt":{"rendered":"<p>[vc_row][vc_column][vc_column_text]Sonogno, ultimo villaggio della Valle Verzasca, presenta un nucleo ben conservato con case e viuzze caratteristiche. Sulla piazzetta una tipica casa d&#8217;abitazione verzaschese, la casa ex Genardini, sede del museo verzaschese. Poco lontano un vecchio forno per il pane, ancora in uso. Nella parte alta del nucleo, posto su una casa rustica, un dipinto murale [&hellip;]<\/p>\n","protected":false},"author":1,"featured_media":0,"parent":0,"menu_order":0,"comment_status":"closed","ping_status":"closed","template":"","meta":{"footnotes":""},"_links":{"self":[{"href":"https:\/\/ristorantealpino.ch\/it\/wp-json\/wp\/v2\/pages\/2336"}],"collection":[{"href":"https:\/\/ristorantealpino.ch\/it\/wp-json\/wp\/v2\/pages"}],"about":[{"href":"https:\/\/ristorantealpino.ch\/it\/wp-json\/wp\/v2\/types\/page"}],"author":[{"embeddable":true,"href":"https:\/\/ristorantealpino.ch\/it\/wp-json\/wp\/v2\/users\/1"}],"replies":[{"embeddable":true,"href":"https:\/\/ristorantealpino.ch\/it\/wp-json\/wp\/v2\/comments?post=2336"}],"version-history":[{"count":3,"href":"https:\/\/ristorantealpino.ch\/it\/wp-json\/wp\/v2\/pages\/2336\/revisions"}],"predecessor-version":[{"id":2339,"href":"https:\/\/ristorantealpino.ch\/it\/wp-json\/wp\/v2\/pages\/2336\/revisions\/2339"}],"wp:attachment":[{"href":"https:\/\/ristorantealpino.ch\/it\/wp-json\/wp\/v2\/media?parent=2336"}],"curies":[{"name":"wp","href":"https:\/\/api.w.org\/{rel}","templated":true}]}}