{"id":2340,"date":"2017-05-08T12:03:43","date_gmt":"2017-05-08T10:03:43","guid":{"rendered":"http:\/\/ristorantealpino.ch\/home\/"},"modified":"2017-08-07T18:04:03","modified_gmt":"2017-08-07T16:04:03","slug":"home","status":"publish","type":"page","link":"https:\/\/ristorantealpino.ch\/it\/","title":{"rendered":"Home"},"content":{"rendered":"<section class=\"wpb-content-wrapper\">[vc_row css=&#8221;.vc_custom_1464780107818{margin-top: 50px !important;}&#8221;][vc_column][vc_column_text]Dal 1890 il Ristorante Alpino a Sonogno \u00e8 di propriet\u00e0 della famiglia Perozzi. Per tradizione abbiamo a cuore il benessere dei nostri clienti.<br \/>\nAbbiamo conservato una cucina casalinga, preferendo i prodotti locali. Il ristorante dispone di tre sale interne che possono accogliere fino a 70 persone, e di una terrazza esterna per 100 persone. Gruppi, grandi e piccoli, sono i benvenuti.<br \/>\nLa nostra struttura \u00e8 dotata di 9 camere, per un totale di 20 letti, arredate in modo semplice e tradizionale.[\/vc_column_text]\n        <h2 class=\"lined-heading mt50\">\n            <span>\n            <span class=\"s1\">Camere pi\u00f9 apprezzate<\/span>\n            <\/span>\n        <\/h2>\n        \n    <!-- Rooms -->\n    <div class=\"rooms mt110\">\n        <div class=\"row room-list\">\n            \n                    <!-- Room -->\n                    <br \/>\n<b>Warning<\/b>:  Attempt to read property \"ID\" on null in <b>\/home\/clients\/9f44d4246f3532ee9d0214d01de6a007\/web\/ristorantealpino\/wp-content\/plugins\/starhotel-must-install\/starhotel-must-install.php<\/b> on line <b>829<\/b><br \/>\n                    <div class=\"col-sm-4 <br \/>\n<b>Warning<\/b>:  Undefined variable $maxrooms in <b>\/home\/clients\/9f44d4246f3532ee9d0214d01de6a007\/web\/ristorantealpino\/wp-content\/plugins\/starhotel-must-install\/starhotel-must-install.php<\/b> on line <b>841<\/b><br \/>\n<br \/>\n<b>Warning<\/b>:  Undefined variable $maxrooms in <b>\/home\/clients\/9f44d4246f3532ee9d0214d01de6a007\/web\/ristorantealpino\/wp-content\/plugins\/starhotel-must-install\/starhotel-must-install.php<\/b> on line <b>841<\/b><br \/>\n\">\n                                                <div class=\"room-thumb\">\n                            <img loading=\"lazy\" decoding=\"async\" width=\"356\" height=\"228\" src=\"https:\/\/ristorantealpino.ch\/wp-content\/uploads\/2017\/05\/ftr-single-ensuite.jpg\" class=\"img-responsive wp-post-image\" alt=\"\" srcset=\"https:\/\/ristorantealpino.ch\/wp-content\/uploads\/2017\/05\/ftr-single-ensuite.jpg 356w, https:\/\/ristorantealpino.ch\/wp-content\/uploads\/2017\/05\/ftr-single-ensuite-300x192.jpg 300w\" sizes=\"(max-width: 356px) 100vw, 356px\" \/>                            <div class=\"mask\">\n                                <div class=\"main\">\n                                    <h5>Camera singola con bagno<\/h5>\n                                    <div class='price'> 60.-*<span>a night<\/span><\/div>                                <\/div>\n                                <div class=\"content\">\n                                                                        <p><span>Camere in stile alpino<\/span>Arredata in modo semplice, offre comunque un soggiorno confortevole e pulito per le famiglie. I prezzi sono in franchi svizzeri e mostrano il prezzo &quot;a partire da ...&quot;<\/p>\n\n                                    <div class=\"row\">\n                                        <div class=\"col-xs-6\">\n                                            <ul class=\"list-unstyled\">\n                                                <li><i class='fa fa-check-circle'><\/i> Colazione inclusa<\/li><li><i class='fa fa-check-circle'><\/i> Vista montagna<\/li>                                            <\/ul>\n                                        <\/div>\n                                        <div class=\"col-xs-6\">\n                                            <ul class=\"list-unstyled\">\n                                                <li><i class='fa fa-check-circle'><\/i> Wifi gratuito<\/li><li><i class='fa fa-check-circle'><\/i> Bagno privato<\/li>                                            <\/ul>\n                                        <\/div>\n                                    <\/div>\n                                    <a href=\"https:\/\/ristorantealpino.ch\/it\/room\/camera-singola-con-bagno\/\" class=\"btn btn-primary btn-block\"> Book now <\/a>\n                                <\/div>\n                            <\/div>\n                        <\/div>\n                    <\/div>\n                \n                    <!-- Room -->\n                    <br \/>\n<b>Warning<\/b>:  Attempt to read property \"ID\" on null in <b>\/home\/clients\/9f44d4246f3532ee9d0214d01de6a007\/web\/ristorantealpino\/wp-content\/plugins\/starhotel-must-install\/starhotel-must-install.php<\/b> on line <b>829<\/b><br \/>\n                    <div class=\"col-sm-4 <br \/>\n<b>Warning<\/b>:  Undefined variable $maxrooms in <b>\/home\/clients\/9f44d4246f3532ee9d0214d01de6a007\/web\/ristorantealpino\/wp-content\/plugins\/starhotel-must-install\/starhotel-must-install.php<\/b> on line <b>841<\/b><br \/>\n<br \/>\n<b>Warning<\/b>:  Undefined variable $maxrooms in <b>\/home\/clients\/9f44d4246f3532ee9d0214d01de6a007\/web\/ristorantealpino\/wp-content\/plugins\/starhotel-must-install\/starhotel-must-install.php<\/b> on line <b>841<\/b><br \/>\n\">\n                                                <div class=\"room-thumb\">\n                            <img loading=\"lazy\" decoding=\"async\" width=\"356\" height=\"228\" src=\"https:\/\/ristorantealpino.ch\/wp-content\/uploads\/2017\/05\/ftr-single-sharedwc.jpg\" class=\"img-responsive wp-post-image\" alt=\"\" srcset=\"https:\/\/ristorantealpino.ch\/wp-content\/uploads\/2017\/05\/ftr-single-sharedwc.jpg 356w, https:\/\/ristorantealpino.ch\/wp-content\/uploads\/2017\/05\/ftr-single-sharedwc-300x192.jpg 300w\" sizes=\"(max-width: 356px) 100vw, 356px\" \/>                            <div class=\"mask\">\n                                <div class=\"main\">\n                                    <h5>Camera singola con wc\/doccia sul piano<\/h5>\n                                    <div class='price'> 48.-*<span>a night<\/span><\/div>                                <\/div>\n                                <div class=\"content\">\n                                                                        <p><span>Camere economiche rustiche<\/span>Arredata in modo semplice, offre comunque un soggiorno confortevole e pulito per le famiglie. I prezzi sono in franchi svizzeri e mostrano il prezzo &quot;a partire da ...&quot;<\/p>\n\n                                    <div class=\"row\">\n                                        <div class=\"col-xs-6\">\n                                            <ul class=\"list-unstyled\">\n                                                <li><i class='fa fa-check-circle'><\/i> Colazione inclusa<\/li><li><i class='fa fa-check-circle'><\/i> Economico<\/li>                                            <\/ul>\n                                        <\/div>\n                                        <div class=\"col-xs-6\">\n                                            <ul class=\"list-unstyled\">\n                                                <li><i class='fa fa-check-circle'><\/i> Wifi gratuito<\/li><li><i class='fa fa-check-circle'><\/i> Panorami alpini<\/li>                                            <\/ul>\n                                        <\/div>\n                                    <\/div>\n                                    <a href=\"https:\/\/ristorantealpino.ch\/it\/room\/camera-singola-con-wcdoccia-sul-piano\/\" class=\"btn btn-primary btn-block\"> Book now <\/a>\n                                <\/div>\n                            <\/div>\n                        <\/div>\n                    <\/div>\n                \n                    <!-- Room -->\n                    <br \/>\n<b>Warning<\/b>:  Attempt to read property \"ID\" on null in <b>\/home\/clients\/9f44d4246f3532ee9d0214d01de6a007\/web\/ristorantealpino\/wp-content\/plugins\/starhotel-must-install\/starhotel-must-install.php<\/b> on line <b>829<\/b><br \/>\n                    <div class=\"col-sm-4 <br \/>\n<b>Warning<\/b>:  Undefined variable $maxrooms in <b>\/home\/clients\/9f44d4246f3532ee9d0214d01de6a007\/web\/ristorantealpino\/wp-content\/plugins\/starhotel-must-install\/starhotel-must-install.php<\/b> on line <b>841<\/b><br \/>\n<br \/>\n<b>Warning<\/b>:  Undefined variable $maxrooms in <b>\/home\/clients\/9f44d4246f3532ee9d0214d01de6a007\/web\/ristorantealpino\/wp-content\/plugins\/starhotel-must-install\/starhotel-must-install.php<\/b> on line <b>841<\/b><br \/>\n\">\n                                                <div class=\"room-thumb\">\n                            <img loading=\"lazy\" decoding=\"async\" width=\"356\" height=\"228\" src=\"https:\/\/ristorantealpino.ch\/wp-content\/uploads\/2017\/05\/ftr-family-ensuite.jpg\" class=\"img-responsive wp-post-image\" alt=\"\" srcset=\"https:\/\/ristorantealpino.ch\/wp-content\/uploads\/2017\/05\/ftr-family-ensuite.jpg 356w, https:\/\/ristorantealpino.ch\/wp-content\/uploads\/2017\/05\/ftr-family-ensuite-300x192.jpg 300w\" sizes=\"(max-width: 356px) 100vw, 356px\" \/>                            <div class=\"mask\">\n                                <div class=\"main\">\n                                    <h5>Camera famiglie con bagno<\/h5>\n                                    <div class='price'> 60.-*<span>a night<\/span><\/div>                                <\/div>\n                                <div class=\"content\">\n                                                                        <p><span>Camere in stile alpino<\/span>Arredata in modo semplice, offre comunque un soggiorno confortevole e pulito per le famiglie. I prezzi sono in franchi svizzeri e mostrano il prezzo &quot;a partire da ...&quot;<\/p>\n\n                                    <div class=\"row\">\n                                        <div class=\"col-xs-6\">\n                                            <ul class=\"list-unstyled\">\n                                                <li><i class='fa fa-check-circle'><\/i> Bagno privato<\/li><li><i class='fa fa-check-circle'><\/i> Vista montagna<\/li>                                            <\/ul>\n                                        <\/div>\n                                        <div class=\"col-xs-6\">\n                                            <ul class=\"list-unstyled\">\n                                                <li><i class='fa fa-check-circle'><\/i> Colazione inclusa<\/li><li><i class='fa fa-check-circle'><\/i> Wifi gratuito<\/li>                                            <\/ul>\n                                        <\/div>\n                                    <\/div>\n                                    <a href=\"https:\/\/ristorantealpino.ch\/it\/room\/camera-famiglie-con-bagno\/\" class=\"btn btn-primary btn-block\"> Book now <\/a>\n                                <\/div>\n                            <\/div>\n                        <\/div>\n                    <\/div>\n                                                    \n        <\/div>\n    <\/div>\n    [\/vc_column][\/vc_row][vc_row css=&#8221;.vc_custom_1464780117347{margin-top: 50px !important;}&#8221;][vc_column]\n        <h2 class=\"lined-heading mt50\">\n            <span>\n            \n            <\/span>\n        <\/h2>\n        [vc_row_inner][vc_column_inner width=&#8221;1\/4&#8243;]\n    <div class=\"usp\">\n        <div class=\"box-icon\">\n                <div class=\"circle\"><i class=\"fa fa fa-glass fa-lg\"><\/i><\/div>\n                <h3>Bar e Caff\u00e8<\/h3>\n                <p>\n<p class=\"p1\"><span class=\"s1\">Serviamo caff\u00e8 in stile italiano e una grande selezione di t\u00e8. Oltre ad una variet\u00e0 di gelati, pasticcini, biscotti e dolci vari, il bar e rifornito di una vasta scelta di bibite analcoliche, birre, vini e liquori.<\/span><\/p>\n<p class=\"p1\"><a href=\"http:\/\/ristorantealpino.ch\/it\/ristorante-e-bar\/\">Leggi di pi\u00f9<\/a><\/p>\n<\/p>\n        <\/div>\n    <\/div>\n    [\/vc_column_inner][vc_column_inner width=&#8221;1\/4&#8243;]\n    <div class=\"usp\">\n        <div class=\"box-icon\">\n                <div class=\"circle\"><i class=\"fa fa fa-bed fa-lg\"><\/i><\/div>\n                <h3>Camere arredate in stile tradizionale<\/h3>\n                <p>\n<p class=\"p1\"><span class=\"s1\">Le camere, arredate in stile tradizionale, si affacciano sulle montagne e\/o sulla bellissima piazza del paese. I bagni sono privati o condivisi. La colazione base \u00e8 inclusa nel prezzo; \u00a0altri prodotti, dolci o salati, possono essere ottenuti, su richiesta, ad un costo aggiuntivo. La connessione Wi-Fi \u00e8 disponibile nelle aree comuni gratuitamente.<\/span><\/p>\n<p><a href=\"http:\/\/ristorantealpino.ch\/it\/camere\/\">Leggi di pi\u00f9<\/a><\/p>\n        <\/div>\n    <\/div>\n    [\/vc_column_inner][vc_column_inner width=&#8221;1\/4&#8243;]\n    <div class=\"usp\">\n        <div class=\"box-icon\">\n                <div class=\"circle\"><i class=\"fa fa fa-cutlery fa-lg\"><\/i><\/div>\n                <h3>Ristorante in stile familiare<\/h3>\n                <p>\n<p class=\"p1\"><span class=\"s1\">Dal 1890 la famiglia Perozzi ha possiede e gestisce il ristorante Alpino a Sonogno. Il ristorante dispone di tre sale da pranzo che possono ospitare fino a 70 persone e una terrazza per 100 persone. Ogni gruppo, grande o piccolo e su riservazione, \u00e8 pi\u00f9 che<\/span><span class=\"s1\"> benvenuto.<\/span><\/p>\n<p class=\"p1\"><a href=\"http:\/\/ristorantealpino.ch\/it\/ristorante-e-bar\/\">Leggi di pi\u00f9<\/a><\/p>\n<\/p>\n        <\/div>\n    <\/div>\n    [\/vc_column_inner][vc_column_inner width=&#8221;1\/4&#8243;]\n    <div class=\"usp\">\n        <div class=\"box-icon\">\n                <div class=\"circle\"><i class=\"fa fa fa-tint fa-lg\"><\/i><\/div>\n                <h3>Bella vista sulle montagne<\/h3>\n                <p>\n<p class=\"p1\"><span class=\"s1\">Il fiume Verzasca nasce sulle vette sopra Sonogno e percorre l\u2019omonima valle fino al bivio di Corippo, dove si getta nel lago artificiale. Le sue acque limpide di color smeraldo e l\u2019ambiente naturale incontaminato che lo circonda ne fanno una meta molto apprezzata nella stagione estiva.<\/span><\/p>\n<p class=\"p1\"><a href=\"http:\/\/ristorantealpino.ch\/it\/luogo-e-attivita\/\">Scopri di pi\u00f9<\/a><\/p>\n<\/p>\n        <\/div>\n    <\/div>\n    [\/vc_column_inner][\/vc_row_inner][\/vc_column][\/vc_row][vc_row full_width=&#8221;stretch_row_content_no_spaces&#8221; css=&#8221;.vc_custom_1464780134072{margin-top: 50px !important;}&#8221;][vc_column]\n<script type=\"text\/javascript\">jQuery(document).ready(function(){jQuery(\"#parallax-image\").parallax(\"50%\", -0.25);});<\/script>\n<div class=\"parallax-effect\">\n  <div id=\"parallax-image\" style=\"background-image: url();\">\n    <div class=\"color-overlay fadeIn appear\" data-start=\"600\">\n      <div class=\"container\">\n        <div class=\"content\">\n          <h3 class=\"text-center\">Valle Verzasca<\/h3>\n          <p class=\"text-center\">Un&#039;eccezionale destinazione per le tue vacanze\n          <br>\n          <a class=\"btn mt30 btn-lg btn-ghost\" href=\"http:\/\/prova.ristorantealpino.ch\/it\/galleria\/\">Visita la galleria fotografica<\/a>\n          <\/p>\n        <\/div>\n      <\/div>\n    <\/div>\n  <\/div>\n<\/div>\n  [\/vc_column][\/vc_row][vc_row css=&#8221;.vc_custom_1464780153190{margin-top: 50px !important;}&#8221;][vc_column]\n        <h2 class=\"lined-heading mt50\">\n            <span>\n            Galleria\n            <\/span>\n        <\/h2>\n        [\/vc_column][\/vc_row][vc_row full_width=&#8221;stretch_row_content_no_spaces&#8221;][vc_column]<div class=\"carousel\">\n    <div id=\"owl-gallery\" class=\"owl-carousel\">\n       <div class=\"item mfp_open\"><a href=\"https:\/\/ristorantealpino.ch\/wp-content\/uploads\/2017\/05\/ristorantealpino_galleria_4.jpg\"><img decoding=\"async\" src=\"https:\/\/ristorantealpino.ch\/wp-content\/uploads\/2017\/05\/ristorantealpino_galleria_4.jpg\"\/><i class=\"fa fa-search\"><\/i><\/a><\/div>    <div class=\"item mfp_open\"><a href=\"https:\/\/ristorantealpino.ch\/wp-content\/uploads\/2017\/05\/ristorantealpino_galleria_3.jpg\"><img decoding=\"async\" src=\"https:\/\/ristorantealpino.ch\/wp-content\/uploads\/2017\/05\/ristorantealpino_galleria_3.jpg\"\/><i class=\"fa fa-search\"><\/i><\/a><\/div>    <div class=\"item mfp_open\"><a href=\"https:\/\/ristorantealpino.ch\/wp-content\/uploads\/2017\/05\/ristorantealpino_galleria_2.jpg\"><img decoding=\"async\" src=\"https:\/\/ristorantealpino.ch\/wp-content\/uploads\/2017\/05\/ristorantealpino_galleria_2.jpg\"\/><i class=\"fa fa-search\"><\/i><\/a><\/div>    <div class=\"item mfp_open\"><a href=\"https:\/\/ristorantealpino.ch\/wp-content\/uploads\/2017\/05\/ristorantealpino_galleria_1.jpg\"><img decoding=\"async\" src=\"https:\/\/ristorantealpino.ch\/wp-content\/uploads\/2017\/05\/ristorantealpino_galleria_1.jpg\"\/><i class=\"fa fa-search\"><\/i><\/a><\/div>    <div class=\"item mfp_open\"><a href=\"https:\/\/ristorantealpino.ch\/wp-content\/uploads\/2017\/05\/ristorantealpino_galleria_6.jpg\"><img decoding=\"async\" src=\"https:\/\/ristorantealpino.ch\/wp-content\/uploads\/2017\/05\/ristorantealpino_galleria_6.jpg\"\/><i class=\"fa fa-search\"><\/i><\/a><\/div>    <div class=\"item mfp_open\"><a href=\"https:\/\/ristorantealpino.ch\/wp-content\/uploads\/2017\/05\/ristorantealpino_galleria_5.jpg\"><img decoding=\"async\" src=\"https:\/\/ristorantealpino.ch\/wp-content\/uploads\/2017\/05\/ristorantealpino_galleria_5.jpg\"\/><i class=\"fa fa-search\"><\/i><\/a><\/div>     <\/div>\n<\/div>\n[\/vc_column][\/vc_row][vc_row css=&#8221;.vc_custom_1464780159970{margin-top: 25px !important;}&#8221;][vc_column offset=&#8221;vc_col-lg-6 vc_col-md-12&#8243;]\n        <h2 class=\"lined-heading mt50\">\n            <span>\n            Recensioni:\n            <\/span>\n        <\/h2>\n        \n\n    <div class=\"testimonials\">\n        <div id=\"owl-reviews\" class=\"owl-carousel\">\n          <div class=\"item\">\n            <div class=\"row\">\n              <div class=\"col-lg-3 col-md-4 col-sm-2 col-xs-12\"> <img decoding=\"async\" src=\"https:\/\/ristorantealpino.ch\/wp-content\/uploads\/2017\/05\/it1.jpg\" alt=\"Review 1\" class=\"img-circle\" \/><\/div>              <div class=\"col-lg-9 col-md-8 col-sm-10 col-xs-12\">                <div class=\"text-balloon\">Un ambiente molto bello, gradevolissimo. Ci si trova subito in famiglia. Cucina ottima, curata e soprattutto molta cordialit\u00e0 La padrona del ristorante parla it, ted. inglese e francese e, soprattutto, \u00e8 un pozzo di informazioni interessanti sulla storia della Valle. Posso senz&#039;altro raccomandarlo.<span>Ottavio L, Montagnola, Svizzera<\/span> <\/div>\n              <\/div>\n            <\/div>\n            <div class=\"row\">\n              <div class=\"col-lg-3 col-md-4 col-sm-2 col-xs-12\"> <img decoding=\"async\" src=\"https:\/\/ristorantealpino.ch\/wp-content\/uploads\/2017\/05\/it2.jpg\" alt=\"Review 2\" class=\"img-circle\" \/><\/div>              <div class=\"col-lg-9 col-md-8 col-sm-10 col-xs-12\">                <div class=\"text-balloon\">Siamo arrivati in questo bed&amp;breakfast un po&#039; per caso dopo aver cercato dove dormire in Val Verzasca e siamo rimasti davvero soddisfatti. Cominciamo dal dire che la posizione dell&#039;albergo \u00e8 comoda e bella, situato a Sonogno, un paesino minuscolo in fondo alla valle circondato da montagne di quasi 3000 mt. Le camere guardano la valle e dalle fiinestre sia ha una vista favolosa.<span>Ma80_Ma83; Milano, Italia<\/span> <\/div>\n              <\/div>\n            <\/div>\n          <\/div>\n          <div class=\"item\">\n            <div class=\"row\">\n              <div class=\"col-lg-3 col-md-4 col-sm-2 col-xs-12\"> <img decoding=\"async\" src=\"https:\/\/ristorantealpino.ch\/wp-content\/uploads\/2015\/03\/en2.png\" alt=\"Review 3\" class=\"img-circle\" \/><\/div>              <div class=\"col-lg-9 col-md-8 col-sm-10 col-xs-12\">                <div class=\"text-balloon\"> La valle ed il suo lago meritano assolutamente di essere visti<span>Claudio<\/span> <\/div>\n              <\/div>\n            <\/div>\n            <div class=\"row\">\n              <div class=\"col-lg-3 col-md-4 col-sm-2 col-xs-12\"> <img decoding=\"async\" src=\"https:\/\/ristorantealpino.ch\/wp-content\/uploads\/2017\/05\/it4.jpg\" alt=\"Review 4\" class=\"img-circle\" \/><\/div>              <div class=\"col-lg-9 col-md-8 col-sm-10 col-xs-12\">                <div class=\"text-balloon\">Localit\u00e0 meravigliosa, struttura accogliente<span>@ALA@<\/span> <\/div>\n              <\/div>\n            <\/div>\n          <\/div>\n\n        <\/div>\n    <\/div>\n    [\/vc_column][vc_column offset=&#8221;vc_col-lg-6 vc_col-md-12&#8243;]\n        <h2 class=\"lined-heading mt50\">\n            <span>\n            Contattaci:\n            <\/span>\n        <\/h2>\n        [dhvc_form id=&#8221;2503&#8243;][\/vc_column][\/vc_row]\n<\/section>","protected":false},"excerpt":{"rendered":"<p>[vc_row css=&#8221;.vc_custom_1464780107818{margin-top: 50px !important;}&#8221;][vc_column][vc_column_text]Dal 1890 il Ristorante Alpino a Sonogno \u00e8 di propriet\u00e0 della famiglia Perozzi. Per tradizione abbiamo a cuore il benessere dei nostri clienti. Abbiamo conservato una cucina casalinga, preferendo i prodotti locali. Il ristorante dispone di tre sale interne che possono accogliere fino a 70 persone, e di una terrazza esterna per [&hellip;]<\/p>\n","protected":false},"author":1,"featured_media":0,"parent":0,"menu_order":0,"comment_status":"closed","ping_status":"open","template":"page-slider-reservation.php","meta":{"footnotes":""},"_links":{"self":[{"href":"https:\/\/ristorantealpino.ch\/it\/wp-json\/wp\/v2\/pages\/2340"}],"collection":[{"href":"https:\/\/ristorantealpino.ch\/it\/wp-json\/wp\/v2\/pages"}],"about":[{"href":"https:\/\/ristorantealpino.ch\/it\/wp-json\/wp\/v2\/types\/page"}],"author":[{"embeddable":true,"href":"https:\/\/ristorantealpino.ch\/it\/wp-json\/wp\/v2\/users\/1"}],"replies":[{"embeddable":true,"href":"https:\/\/ristorantealpino.ch\/it\/wp-json\/wp\/v2\/comments?post=2340"}],"version-history":[{"count":28,"href":"https:\/\/ristorantealpino.ch\/it\/wp-json\/wp\/v2\/pages\/2340\/revisions"}],"predecessor-version":[{"id":2952,"href":"https:\/\/ristorantealpino.ch\/it\/wp-json\/wp\/v2\/pages\/2340\/revisions\/2952"}],"wp:attachment":[{"href":"https:\/\/ristorantealpino.ch\/it\/wp-json\/wp\/v2\/media?parent=2340"}],"curies":[{"name":"wp","href":"https:\/\/api.w.org\/{rel}","templated":true}]}}